{"id":1146,"date":"2018-01-12T18:50:54","date_gmt":"2018-01-12T18:50:54","guid":{"rendered":"http:\/\/www.deltapci.com\/?page_id=1146"},"modified":"2018-01-12T18:50:54","modified_gmt":"2018-01-12T18:50:54","slug":"formacion-programada","status":"publish","type":"page","link":"https:\/\/recursing-dhawan.212-132-71-197.plesk.page\/index.php\/formacion-programada\/","title":{"rendered":"Formaci\u00f3n Programada"},"content":{"rendered":"\n<figure class=\"wp-block-image size-large\"><img decoding=\"async\" src=\"https:\/\/recursing-dhawan.212-132-71-197.plesk.page\/wp-content\/uploads\/2022\/07\/bonificada-1024x369.jpg\" alt=\"\" class=\"wp-image-27965\"\/><\/figure>\n\n\n\n<div class=\"wp-block-cover\" style=\"min-height:200px;aspect-ratio:unset;\"><span aria-hidden=\"true\" class=\"wp-block-cover__background has-background-dim-100 has-background-dim\" style=\"background-color:#c46b2b\"><\/span><div class=\"wp-block-cover__inner-container is-layout-flow wp-block-cover-is-layout-flow\">\n<p style=\"font-size:18px\">Aprovecha el cr\u00e9dito formativo anual de las empresas para mejorar tu perfil profesional o para formar a tus trabajadores con cursos gratuitos.<\/p>\n\n\n\n<p>La Formaci\u00f3n Bonificada de la Fundae, permite a las empresas disponer de una cuant\u00eda para financiar a trav\u00e9s de bonificaciones en las cuotas de los Seguros Sociales.<br>Delta PC gestiona la bonificaci\u00f3n de tu cr\u00e9dito de formaci\u00f3n sin coste adicional.<br><strong>\u00bfQUIEN PUEDE REALIZAR LOS CURSOS?<\/strong><br>Directivos\/as, Mandos intermedios y Empleados \/as por cuenta ajena.<\/p>\n<\/div><\/div>\n\n\n\n<h2 class=\"wp-block-heading has-ast-global-color-1-background-color has-background has-large-font-size\"><strong>Procedimiento para acceder a los Cursos Bonificables <\/strong><\/h2>\n\n\n\n<div class=\"wp-block-uagb-info-box uagb-block-0a180373 uagb-infobox__content-wrap  uagb-infobox_cta-type-all uagb-infobox-icon-left-title uagb-infobox-left uagb-infobox-image-valign-top\"><a href=\"https:\/\/recursing-dhawan.212-132-71-197.plesk.page\/wp-content\/uploads\/2022\/07\/LISTADO-CURSOS-ONLINE-2022_deltapc.es_campus.pdf\" class=\"uagb-infobox-link-wrap uagb-infbox__link-to-all\" target=\"_blank\" aria-label=\"Infobox Link\" rel=\"noopener noreferrer\" onclick=\"return true;\"><\/a><div class=\"uagb-ifb-content\"><div class=\"uagb-ifb-left-title-image\"><div class=\"uagb-ifb-image-content\"><img decoding=\"async\" src=\"https:\/\/recursing-dhawan.212-132-71-197.plesk.page\/wp-content\/uploads\/2022\/07\/logosolotransparente-150x150.png\" alt=\"\" width=\"60\" height=\"60\" loading=\"lazy\"\/><\/div><div class=\"uagb-ifb-title-wrap\"><h4 class=\"uagb-ifb-title\">Elegir Curso<\/h4><\/div><\/div><div class=\"uagb-ifb-separator\"><\/div><p class=\"uagb-ifb-desc\">Elige el curso que deseas Realizar. Clic Para Ver Listado de Cursos<\/p><div class=\"uagb-ifb-button-wrapper wp-block-button\"><\/div><\/div><\/div>\n\n\n\n<div class=\"wp-block-uagb-forms uagb-forms__outer-wrap uagb-block-58b33bad uagb-forms__medium-btn\"><form class=\"uagb-forms-main-form\" method=\"post\" autocomplete=\"on\" name=\"uagb-form-58b33bad\">\n<div class=\"wp-block-uagb-forms-name uagb-forms-name-wrap uagb-forms-field-set uagb-block-1bd08869\"><div class=\"uagb-forms-name-label obligatorio uagb-forms-input-label\" id=\"1bd08869\">Nombre<\/div><input type=\"text\" placeholder=\"Juan\" required class=\"uagb-forms-name-input uagb-forms-input\" name=\"1bd08869\"\/><\/div>\n\n\n\n<div class=\"wp-block-uagb-forms-name uagb-forms-name-wrap uagb-forms-field-set uagb-block-25592913\"><div class=\"uagb-forms-name-label obligatorio uagb-forms-input-label\" id=\"25592913\">Apellidos<\/div><input type=\"text\" placeholder=\"P\u00e9rez\" required class=\"uagb-forms-name-input uagb-forms-input\" name=\"25592913\"\/><\/div>\n\n\n\n<div class=\"wp-block-uagb-forms-phone uagb-forms-phone-wrap uagb-forms-field-set uagb-block-9d769906\"><div class=\"uagb-forms-phone-label obligatorio uagb-forms-input-label\" id=\"9d769906\">Tel\u00e9fono<\/div><div class=\"uagb-forms-phone-flex\"><select class=\"uagb-forms-input uagb-form-phone-country\" id=\"uagb-form-country-9d769906\" name=\"Tel\u00e9fono[]\"><option value=\"+44\">UK (+44)<\/option><option value=\"+1\">USA \/ Canada (+1)<\/option><option value=\"+213\">Algeria (+213)<\/option><option value=\"+376\">Andorra (+376)<\/option><option value=\"+244\">Angola (+244)<\/option><option value=\"+1264\">Anguilla (+1264)<\/option><option value=\"+1268\">Antigua &amp; Barbuda (+1268)<\/option><option value=\"+54\">Argentina (+54)<\/option><option value=\"+374\">Armenia (+374)<\/option><option value=\"+297\">Aruba (+297)<\/option><option value=\"+61\">Australia (+61)<\/option><option value=\"+43\">Austria (+43)<\/option><option value=\"+994\">Azerbaijan (+994)<\/option><option value=\"+1242\">Bahamas (+1242)<\/option><option value=\"+973\">Bahrain (+973)<\/option><option value=\"+880\">Bangladesh (+880)<\/option><option value=\"+1246\">Barbados (+1246)<\/option><option value=\"+375\">Belarus (+375)<\/option><option value=\"+32\">Belgium (+32)<\/option><option value=\"+501\">Belize (+501)<\/option><option value=\"+229\">Benin (+229)<\/option><option value=\"+1441\">Bermuda (+1441)<\/option><option value=\"+975\">Bhutan (+975)<\/option><option value=\"+591\">Bolivia (+591)<\/option><option value=\"+387\">Bosnia Herzegovina (+387)<\/option><option value=\"+267\">Botswana (+267)<\/option><option value=\"+55\">Brazil (+55)<\/option><option value=\"+673\">Brunei (+673)<\/option><option value=\"+359\">Bulgaria (+359)<\/option><option value=\"+226\">Burkina Faso (+226)<\/option><option value=\"+257\">Burundi (+257)<\/option><option value=\"+855\">Cambodia (+855)<\/option><option value=\"+237\">Cameroon (+237)<\/option><option value=\"+238\">Cape Verde Islands (+238)<\/option><option value=\"+1345\">Cayman Islands (+1345)<\/option><option value=\"+236\">Central African Republic (+236)<\/option><option value=\"+56\">Chile (+56)<\/option><option value=\"+86\">China (+86)<\/option><option value=\"+57\">Colombia (+57)<\/option><option value=\"+269\">Comoros (+269)<\/option><option value=\"+242\">Congo (+242)<\/option><option value=\"+682\">Cook Islands (+682)<\/option><option value=\"+506\">Costa Rica (+506)<\/option><option value=\"+385\">Croatia (+385)<\/option><option value=\"+53\">Cuba (+53)<\/option><option value=\"+90392\">Cyprus North (+90392)<\/option><option value=\"+357\">Cyprus South (+357)<\/option><option value=\"+42\">Czech Republic (+42)<\/option><option value=\"+45\">Denmark (+45)<\/option><option value=\"+253\">Djibouti (+253)<\/option><option value=\"+1809\">Dominica (+1809)<\/option><option value=\"+1809\">Dominican Republic (+1809)<\/option><option value=\"+593\">Ecuador (+593)<\/option><option value=\"+20\">Egypt (+20)<\/option><option value=\"+503\">El Salvador (+503)<\/option><option value=\"+240\">Equatorial Guinea (+240)<\/option><option value=\"+291\">Eritrea (+291)<\/option><option value=\"+372\">Estonia (+372)<\/option><option value=\"+251\">Ethiopia (+251)<\/option><option value=\"+500\">Falkland Islands (+500)<\/option><option value=\"+298\">Faroe Islands (+298)<\/option><option value=\"+679\">Fiji (+679)<\/option><option value=\"+358\">Finland (+358)<\/option><option value=\"+33\">France (+33)<\/option><option value=\"+594\">French Guiana (+594)<\/option><option value=\"+689\">French Polynesia (+689)<\/option><option value=\"+241\">Gabon (+241)<\/option><option value=\"+220\">Gambia (+220)<\/option><option value=\"+7880\">Georgia (+7880)<\/option><option value=\"+49\">Germany (+49)<\/option><option value=\"+233\">Ghana (+233)<\/option><option value=\"+350\">Gibraltar (+350)<\/option><option value=\"+30\">Greece (+30)<\/option><option value=\"+299\">Greenland (+299)<\/option><option value=\"+1473\">Grenada (+1473)<\/option><option value=\"+590\">Guadeloupe (+590)<\/option><option value=\"+671\">Guam (+671)<\/option><option value=\"+502\">Guatemala (+502)<\/option><option value=\"+224\">Guinea (+224)<\/option><option value=\"+245\">Guinea &#8211; Bissau (+245)<\/option><option value=\"+592\">Guyana (+592)<\/option><option value=\"+509\">Haiti (+509)<\/option><option value=\"+504\">Honduras (+504)<\/option><option value=\"+852\">Hong Kong (+852)<\/option><option value=\"+36\">Hungary (+36)<\/option><option value=\"+354\">Iceland (+354)<\/option><option value=\"+91\">India (+91)<\/option><option value=\"+62\">Indonesia (+62)<\/option><option value=\"+98\">Iran (+98)<\/option><option value=\"+964\">Iraq (+964)<\/option><option value=\"+353\">Ireland (+353)<\/option><option value=\"+972\">Israel (+972)<\/option><option value=\"+39\">Italy (+39)<\/option><option value=\"+1876\">Jamaica (+1876)<\/option><option value=\"+81\">Japan (+81)<\/option><option value=\"+962\">Jordan (+962)<\/option><option value=\"+7\">Kazakhstan (+7)<\/option><option value=\"+254\">Kenya (+254)<\/option><option value=\"+686\">Kiribati (+686)<\/option><option value=\"+850\">Korea North (+850)<\/option><option value=\"+82\">Korea South (+82)<\/option><option value=\"+965\">Kuwait (+965)<\/option><option value=\"+996\">Kyrgyzstan (+996)<\/option><option value=\"+856\">Laos (+856)<\/option><option value=\"+371\">Latvia (+371)<\/option><option value=\"+961\">Lebanon (+961)<\/option><option value=\"+266\">Lesotho (+266)<\/option><option value=\"+231\">Liberia (+231)<\/option><option value=\"+218\">Libya (+218)<\/option><option value=\"+417\">Liechtenstein (+417)<\/option><option value=\"+370\">Lithuania (+370)<\/option><option value=\"+352\">Luxembourg (+352)<\/option><option value=\"+853\">Macao (+853)<\/option><option value=\"+389\">Macedonia (+389)<\/option><option value=\"+261\">Madagascar (+261)<\/option><option value=\"+265\">Malawi (+265)<\/option><option value=\"+60\">Malaysia (+60)<\/option><option value=\"+960\">Maldives (+960)<\/option><option value=\"+223\">Mali (+223)<\/option><option value=\"+356\">Malta (+356)<\/option><option value=\"+692\">Marshall Islands (+692)<\/option><option value=\"+596\">Martinique (+596)<\/option><option value=\"+222\">Mauritania (+222)<\/option><option value=\"+269\">Mayotte (+269)<\/option><option value=\"+52\">Mexico (+52)<\/option><option value=\"+691\">Micronesia (+691)<\/option><option value=\"+373\">Moldova (+373)<\/option><option value=\"+377\">Monaco (+377)<\/option><option value=\"+976\">Mongolia (+976)<\/option><option value=\"+1664\">Montserrat (+1664)<\/option><option value=\"+212\">Morocco (+212)<\/option><option value=\"+258\">Mozambique (+258)<\/option><option value=\"+95\">Myanmar (+95)<\/option><option value=\"+264\">Namibia (+264)<\/option><option value=\"+674\">Nauru (+674)<\/option><option value=\"+977\">Nepal (+977)<\/option><option value=\"+31\">Netherlands (+31)<\/option><option value=\"+687\">New Caledonia (+687)<\/option><option value=\"+64\">New Zealand (+64)<\/option><option value=\"+505\">Nicaragua (+505)<\/option><option value=\"+227\">Niger (+227)<\/option><option value=\"+234\">Nigeria (+234)<\/option><option value=\"+683\">Niue (+683)<\/option><option value=\"+672\">Norfolk Islands (+672)<\/option><option value=\"+670\">Northern Marianas (+670)<\/option><option value=\"+47\">Norway (+47)<\/option><option value=\"+968\">Oman (+968)<\/option><option value=\"+680\">Palau (+680)<\/option><option value=\"+507\">Panama (+507)<\/option><option value=\"+675\">Papua New Guinea (+675)<\/option><option value=\"+595\">Paraguay (+595)<\/option><option value=\"+51\">Peru (+51)<\/option><option value=\"+63\">Philippines (+63)<\/option><option value=\"+48\">Poland (+48)<\/option><option value=\"+351\">Portugal (+351)<\/option><option value=\"+1787\">Puerto Rico (+1787)<\/option><option value=\"+974\">Qatar (+974)<\/option><option value=\"+262\">Reunion (+262)<\/option><option value=\"+40\">Romania (+40)<\/option><option value=\"+7\">Russia (+7)<\/option><option value=\"+250\">Rwanda (+250)<\/option><option value=\"+378\">San Marino (+378)<\/option><option value=\"+239\">Sao Tome &amp; Principe (+239)<\/option><option value=\"+966\">Saudi Arabia (+966)<\/option><option value=\"+221\">Senegal (+221)<\/option><option value=\"+381\">Serbia (+381)<\/option><option value=\"+248\">Seychelles (+248)<\/option><option value=\"+232\">Sierra Leone (+232)<\/option><option value=\"+65\">Singapore (+65)<\/option><option value=\"+421\">Slovak Republic (+421)<\/option><option value=\"+386\">Slovenia (+386)<\/option><option value=\"+677\">Solomon Islands (+677)<\/option><option value=\"+252\">Somalia (+252)<\/option><option value=\"+27\">South Africa (+27)<\/option><option value=\"+34\" selected>Spain (+34)<\/option><option value=\"+94\">Sri Lanka (+94)<\/option><option value=\"+290\">St. Helena (+290)<\/option><option value=\"+1869\">St. Kitts (+1869)<\/option><option value=\"+1758\">St. Lucia (+1758)<\/option><option value=\"+249\">Sudan (+249)<\/option><option value=\"+597\">Suriname (+597)<\/option><option value=\"+268\">Swaziland (+268)<\/option><option value=\"+46\">Sweden (+46)<\/option><option value=\"+41\">Switzerland (+41)<\/option><option value=\"+963\">Syria (+963)<\/option><option value=\"+886\">Taiwan (+886)<\/option><option value=\"+7\">Tajikstan (+7)<\/option><option value=\"+66\">Thailand (+66)<\/option><option value=\"+228\">Togo (+228)<\/option><option value=\"+676\">Tonga (+676)<\/option><option value=\"+1868\">Trinidad &amp; Tobago (+1868)<\/option><option value=\"+216\">Tunisia (+216)<\/option><option value=\"+90\">Turkey (+90)<\/option><option value=\"+7\">Turkmenistan (+7)<\/option><option value=\"+993\">Turkmenistan (+993)<\/option><option value=\"+1649\">Turks &amp; Caicos Islands (+1649)<\/option><option value=\"+688\">Tuvalu (+688)<\/option><option value=\"+256\">Uganda (+256)<\/option><option value=\"+380\">Ukraine (+380)<\/option><option value=\"+971\">United Arab Emirates (+971)<\/option><option value=\"+598\">Uruguay (+598)<\/option><option value=\"+7\">Uzbekistan (+7)<\/option><option value=\"+678\">Vanuatu (+678)<\/option><option value=\"+379\">Vatican City (+379)<\/option><option value=\"+58\">Venezuela (+58)<\/option><option value=\"+84\">Vietnam (+84)<\/option><option value=\"+84\">Virgin Islands &#8211; British (+1284)<\/option><option value=\"+84\">Virgin Islands &#8211; US (+1340)<\/option><option value=\"+681\">Wallis &amp; Futuna (+681)<\/option><option value=\"+969\">Yemen (North)(+969)<\/option><option value=\"+967\">Yemen (South)(+967)<\/option><option value=\"+260\">Zambia (+260)<\/option><option value=\"+263\">Zimbabwe (+263)<\/option><\/select><input type=\"tel\" placeholder=\"123 456 7890\" pattern=\"[0-9]{3}s?[0-9]{3}s?[0-9]{4}\" required class=\"uagb-forms-phone-input uagb-forms-input\" name=\"Tel\u00e9fono[]\" autocomplete=\"tel-national\"\/><\/div><\/div>\n\n\n\n<div class=\"wp-block-uagb-forms-email uagb-forms-email-wrap uagb-forms-field-set uagb-block-f152553d\"><div class=\"uagb-forms-email-label obligatorio uagb-forms-input-label\" id=\"f152553d\">Correo electr\u00f3nico<\/div><input type=\"email\" class=\"uagb-forms-email-input uagb-forms-input\" placeholder=\"ejemplo@correo.es\" required name=\"f152553d\"\/><\/div>\n\n\n\n<div class=\"wp-block-uagb-forms-textarea uagb-forms-textarea-wrap uagb-forms-field-set uagb-block-ecc96ae8\"><div class=\"uagb-forms-textarea-label obligatorio uagb-forms-input-label\" id=\"ecc96ae8\">Curso Elegido<\/div><textarea required class=\"uagb-forms-textarea-input uagb-forms-input\" rows=\"2\" placeholder=\"Nombre del Curso\" name=\"ecc96ae8\"><\/textarea><\/div>\n\n\n\n<div class=\"wp-block-uagb-forms-accept uagb-forms-accept-wrap uagb-forms-field-set uagb-block-b6e382e2\"><div class=\"uagb-forms-accept-privacy-link\"><a href=\"http:\/\/www.deltapci.com\/politica-privacidad-aviso-legal\/\" target=\"_blank\" rel=\"noopener noreferrer\"> Pol\u00edtica de privacidad <\/a><\/div><input type=\"checkbox\" name=\"b6e382e2\" required value=\"Agree\" class=\"uagb-forms-checkbox\" id=\"uagb-forms-accept-b6e382e2\"\/><label name=\"b6e382e2\" for=\"uagb-forms-accept-b6e382e2\" class=\"uagb-forms-accept-label obligatorio\" id=\"b6e382e2\">He le\u00eddo y estoy de acuerdo con la pol\u00edtica de privacidad.<\/label><br\/><\/div>\n<div class=\"uagb-forms-form-hidden-data\"><input type=\"hidden\" id=\"g-recaptcha-response\" class=\"uagb-forms-recaptcha\"\/><input type=\"hidden\" class=\"uagb_forms_form_label\" value=\"Formulario UAG\"\/><input type=\"hidden\" class=\"uagb_forms_form_id\" value=\"uagb-form-58b33bad\"\/><\/div><div class=\"uagb-form-reacaptcha-error-58b33bad\"><\/div><div class=\"uagb-forms-main-submit-button-wrap wp-block-button\"><button class=\"uagb-forms-main-submit-button wp-block-button__link\"><div class=\"uagb-forms-main-submit-button-text\">Enviar<\/div><\/button><\/div><\/form><div class=\"uagb-forms-success-message-58b33bad uagb-forms-submit-message-hide\"><span>\u00a1El formulario ha sido enviado correctamente!<\/span><\/div><div class=\"uagb-forms-failed-message-58b33bad uagb-forms-submit-message-hide\"><span>Ha ocurrido alg\u00fan error al enviar el formulario. Por favor, revisa de nuevo todos los campos.<\/span><\/div><\/div>\n\n\n\n<div class=\"wp-block-uagb-info-box uagb-block-363cca6e uagb-infobox__content-wrap  uagb-infobox-icon-left-title uagb-infobox-left uagb-infobox-image-valign-top\"><div class=\"uagb-ifb-content\"><div class=\"uagb-ifb-left-title-image\"><div class=\"uagb-ifb-image-content\"><img decoding=\"async\" src=\"https:\/\/recursing-dhawan.212-132-71-197.plesk.page\/wp-content\/uploads\/2022\/07\/logosolotransparente-150x150.png\" alt=\"\" width=\"60\" height=\"60\" loading=\"lazy\"\/><\/div><div class=\"uagb-ifb-title-wrap\"><h4 class=\"uagb-ifb-title\">Te enviamos un presupuesto del curso que has elegido.<\/h4><\/div><\/div><div class=\"uagb-ifb-separator\"><\/div><p class=\"uagb-ifb-desc\">En el presupuesto se incluyen todos los gastos: Impartici\u00f3n, Tutorizaci\u00f3n y Tramites de Bonificaci\u00f3n en Fundae <\/p><\/div><\/div>\n\n\n\n<div class=\"wp-block-uagb-info-box uagb-block-cae9fb3e uagb-infobox__content-wrap  uagb-infobox-icon-left-title uagb-infobox-left uagb-infobox-image-valign-top\"><div class=\"uagb-ifb-content\"><div class=\"uagb-ifb-left-title-image\"><div class=\"uagb-ifb-image-content\"><img decoding=\"async\" src=\"https:\/\/recursing-dhawan.212-132-71-197.plesk.page\/wp-content\/uploads\/2022\/07\/logosolotransparente-150x150.png\" alt=\"\" width=\"60\" height=\"60\" loading=\"lazy\"\/><\/div><div class=\"uagb-ifb-title-wrap\"><h4 class=\"uagb-ifb-title\">Autorizaci\u00f3n de tu Empresa para que Delta PC pueda gestionar el Curso en Fundae.<\/h4><\/div><\/div><div class=\"uagb-ifb-separator\"><\/div><p class=\"uagb-ifb-desc\">Delta PC actuar\u00e1 como entidad Organizadora, par ello si su empresa no es cliente de Delta PC (no ha firmado con nosotros la adhesi\u00f3n al contrato de encomienda), debe descargar el siguiente contrato y envi\u00e1rnoslo Firmado por la persona Autorizada . Para m\u00e1s informaci\u00f3n, <a href=\"https:\/\/recursing-dhawan.212-132-71-197.plesk.page\/el-contrato-de-encomienda\/\" target=\"_blank\" rel=\"noreferrer noopener\">Que es un Contrato de Encomienda<\/a>.<br><\/p><\/div><\/div>\n\n\n\n<div data-wp-interactive=\"core\/file\" class=\"wp-block-file\"><object data-wp-bind--hidden=\"!state.hasPdfPreview\" hidden class=\"wp-block-file__embed\" data=\"https:\/\/recursing-dhawan.212-132-71-197.plesk.page\/wp-content\/uploads\/2023\/09\/Adhesion-al-contrato-de-encomienda-DELTA-PC-2023.pdf\" type=\"application\/pdf\" style=\"width:100%;height:600px\" aria-label=\"Incrustado de Adhesion-al-contrato-de-encomienda-DELTA-PC-2023.\"><\/object><a id=\"wp-block-file--media-0c0227d5-1807-4144-886f-c863d2b4ed25\" href=\"https:\/\/recursing-dhawan.212-132-71-197.plesk.page\/wp-content\/uploads\/2023\/09\/Adhesion-al-contrato-de-encomienda-DELTA-PC-2023.pdf\">Adhesion-al-contrato-de-encomienda-DELTA-PC-2023<\/a><a href=\"https:\/\/recursing-dhawan.212-132-71-197.plesk.page\/wp-content\/uploads\/2023\/09\/Adhesion-al-contrato-de-encomienda-DELTA-PC-2023.pdf\" class=\"wp-block-file__button wp-element-button\" download aria-describedby=\"wp-block-file--media-0c0227d5-1807-4144-886f-c863d2b4ed25\">Descarga<\/a><\/div>\n\n\n\n<h4 class=\"wp-block-heading has-background has-medium-font-size\" style=\"background-color:#c46b2b\">Envia Firmado la adhesi\u00f3n al contrato de encomienda<\/h4>\n\n\n\n<div class=\"wp-block-contact-form-7-contact-form-selector\">[contact-form-7 id=\u00bb28072&#8243; title=\u00bbFormulariosubir fichero adesion\u00bb]<\/div>\n","protected":false},"excerpt":{"rendered":"<p>Procedimiento para acceder a los Cursos Bonificables Envia Firmado la adhesi\u00f3n al contrato de encomienda<\/p>\n","protected":false},"author":1,"featured_media":0,"parent":0,"menu_order":0,"comment_status":"closed","ping_status":"closed","template":"","meta":{"site-sidebar-layout":"default","site-content-layout":"","ast-site-content-layout":"default","site-content-style":"default","site-sidebar-style":"default","ast-global-header-display":"","ast-banner-title-visibility":"","ast-main-header-display":"","ast-hfb-above-header-display":"","ast-hfb-below-header-display":"","ast-hfb-mobile-header-display":"","site-post-title":"disabled","ast-breadcrumbs-content":"","ast-featured-img":"","footer-sml-layout":"","ast-disable-related-posts":"","theme-transparent-header-meta":"","adv-header-id-meta":"","stick-header-meta":"","header-above-stick-meta":"","header-main-stick-meta":"","header-below-stick-meta":"","astra-migrate-meta-layouts":"default","ast-page-background-enabled":"default","ast-page-background-meta":{"desktop":{"background-color":"var(--ast-global-color-5)","background-image":"","background-repeat":"repeat","background-position":"center center","background-size":"auto","background-attachment":"scroll","background-type":"","background-media":"","overlay-type":"","overlay-color":"","overlay-opacity":"","overlay-gradient":""},"tablet":{"background-color":"","background-image":"","background-repeat":"repeat","background-position":"center center","background-size":"auto","background-attachment":"scroll","background-type":"","background-media":"","overlay-type":"","overlay-color":"","overlay-opacity":"","overlay-gradient":""},"mobile":{"background-color":"","background-image":"","background-repeat":"repeat","background-position":"center center","background-size":"auto","background-attachment":"scroll","background-type":"","background-media":"","overlay-type":"","overlay-color":"","overlay-opacity":"","overlay-gradient":""}},"ast-content-background-meta":{"desktop":{"background-color":"var(--ast-global-color-4)","background-image":"","background-repeat":"repeat","background-position":"center center","background-size":"auto","background-attachment":"scroll","background-type":"","background-media":"","overlay-type":"","overlay-color":"","overlay-opacity":"","overlay-gradient":""},"tablet":{"background-color":"var(--ast-global-color-4)","background-image":"","background-repeat":"repeat","background-position":"center center","background-size":"auto","background-attachment":"scroll","background-type":"","background-media":"","overlay-type":"","overlay-color":"","overlay-opacity":"","overlay-gradient":""},"mobile":{"background-color":"var(--ast-global-color-4)","background-image":"","background-repeat":"repeat","background-position":"center center","background-size":"auto","background-attachment":"scroll","background-type":"","background-media":"","overlay-type":"","overlay-color":"","overlay-opacity":"","overlay-gradient":""}},"footnotes":""},"class_list":["post-1146","page","type-page","status-publish","hentry"],"_links":{"self":[{"href":"https:\/\/recursing-dhawan.212-132-71-197.plesk.page\/index.php\/wp-json\/wp\/v2\/pages\/1146","targetHints":{"allow":["GET"]}}],"collection":[{"href":"https:\/\/recursing-dhawan.212-132-71-197.plesk.page\/index.php\/wp-json\/wp\/v2\/pages"}],"about":[{"href":"https:\/\/recursing-dhawan.212-132-71-197.plesk.page\/index.php\/wp-json\/wp\/v2\/types\/page"}],"author":[{"embeddable":true,"href":"https:\/\/recursing-dhawan.212-132-71-197.plesk.page\/index.php\/wp-json\/wp\/v2\/users\/1"}],"replies":[{"embeddable":true,"href":"https:\/\/recursing-dhawan.212-132-71-197.plesk.page\/index.php\/wp-json\/wp\/v2\/comments?post=1146"}],"version-history":[{"count":0,"href":"https:\/\/recursing-dhawan.212-132-71-197.plesk.page\/index.php\/wp-json\/wp\/v2\/pages\/1146\/revisions"}],"wp:attachment":[{"href":"https:\/\/recursing-dhawan.212-132-71-197.plesk.page\/index.php\/wp-json\/wp\/v2\/media?parent=1146"}],"curies":[{"name":"wp","href":"https:\/\/api.w.org\/{rel}","templated":true}]}}