{"id":1972,"date":"2018-06-01T15:03:56","date_gmt":"2018-06-01T15:03:56","guid":{"rendered":"http:\/\/www.deltapci.com\/?page_id=1972"},"modified":"2018-06-01T15:03:56","modified_gmt":"2018-06-01T15:03:56","slug":"consentimiento-expreso","status":"publish","type":"page","link":"https:\/\/recursing-dhawan.212-132-71-197.plesk.page\/index.php\/consentimiento-expreso\/","title":{"rendered":"Consentimiento Expreso"},"content":{"rendered":"<p>CONSENTIMIENTO EXPRESO PARA EL TRATAMIENTO DE DATOS DE CAR\u00c1CTER PERSONAL OBTENIDOS DIRECTAMENTE DE LOS INTERESADOS.<br \/>\nDe conformidad con lo establecido en el Reglamento (UE) 2016\/679 de protecci\u00f3n de datos de car\u00e1cter personal, le informamos que los datos que usted nos facilite ser\u00e1n incorporados al sistema de tratamiento titularidad de Delta Pc Inform\u00e1tica y Electronica S.L. con CIF  B32233710 y domicilio social sito en C\/Curros enriquez 18 1\u00ba Ourense Espa\u00f1a, como responsable del tratamiento.<br \/>\nLos datos ser\u00e1n tratados con la finalidad de enviarle publicidad relacionada con nuestros productos y servicios por cualquier medio (postal, email o tel\u00e9fono) e invitarle a eventos organizados por la empresa. Los datos proporcionados se conservar\u00e1n mientras no solicite el cese de la actividad.<br \/>\nLos datos aportados no son objeto de transferencias internacionales.<br \/>\nLos datos aportados no son tratados para el estudio de perfiles.<br \/>\nLos destinatarios de sus datos son:  sus datos no se ceder\u00e1n a terceros salvo en los casos en que exista una obligaci\u00f3n legal. Sus datos ser\u00e1n conservados durante el plazo estrictamente necesario y ser\u00e1n borrados cuando haya transcurrido un tiempo sin hacer uso de los mismos.<br \/>\nSe  proceder\u00e1 a tratar los datos de manera l\u00edcita, leal, transparente, adecuada, pertinente, limitada, exacta y actualizada. Mientras no nos comunique lo contrario, entenderemos que sus datos no han sido modificados y que usted se compromete a notificarnos cualquier variaci\u00f3n.<br \/>\nDe acuerdo con los derechos que le confiere la normativa vigente podr\u00e1 ejercer los derechos de acceso, rectificaci\u00f3n, limitaci\u00f3n de tratamiento, supresi\u00f3n, portabilidad y oposici\u00f3n al tratamiento de sus datos de car\u00e1cter personal as\u00ed como revocar el consentimiento prestado, dirigiendo su petici\u00f3n a la direcci\u00f3n postal indicada o al correo electr\u00f3nico infor@deltapci.com y podr\u00e1 dirigirse a la Autoridad de Control competente para presentar la reclamaci\u00f3n que considere oportuna.<br \/>\nMediante la aceptaci\u00f3n del presente documento usted da su consentimiento expreso para el tratamiento de sus datos con la finalidad mencionada.<\/p>\n<p>Direcci\u00f3n Postal<br \/>\nDelta Pc Inform\u00e1tica y Electr\u00f3nica S.L.<br \/>\nC\/Curros Enriquez 18 1\u00ba<br \/>\n32003 Ourense <\/p>\n","protected":false},"excerpt":{"rendered":"<p>CONSENTIMIENTO EXPRESO PARA EL TRATAMIENTO DE DATOS DE CAR\u00c1CTER PERSONAL OBTENIDOS DIRECTAMENTE DE LOS INTERESADOS. De conformidad con lo establecido [&hellip;]<\/p>\n","protected":false},"author":1,"featured_media":0,"parent":0,"menu_order":0,"comment_status":"closed","ping_status":"closed","template":"","meta":{"site-sidebar-layout":"default","site-content-layout":"","ast-site-content-layout":"default","site-content-style":"default","site-sidebar-style":"default","ast-global-header-display":"","ast-banner-title-visibility":"","ast-main-header-display":"","ast-hfb-above-header-display":"","ast-hfb-below-header-display":"","ast-hfb-mobile-header-display":"","site-post-title":"","ast-breadcrumbs-content":"","ast-featured-img":"","footer-sml-layout":"","ast-disable-related-posts":"","theme-transparent-header-meta":"","adv-header-id-meta":"","stick-header-meta":"","header-above-stick-meta":"","header-main-stick-meta":"","header-below-stick-meta":"","astra-migrate-meta-layouts":"default","ast-page-background-enabled":"default","ast-page-background-meta":{"desktop":{"background-color":"var(--ast-global-color-5)","background-image":"","background-repeat":"repeat","background-position":"center center","background-size":"auto","background-attachment":"scroll","background-type":"","background-media":"","overlay-type":"","overlay-color":"","overlay-opacity":"","overlay-gradient":""},"tablet":{"background-color":"","background-image":"","background-repeat":"repeat","background-position":"center center","background-size":"auto","background-attachment":"scroll","background-type":"","background-media":"","overlay-type":"","overlay-color":"","overlay-opacity":"","overlay-gradient":""},"mobile":{"background-color":"","background-image":"","background-repeat":"repeat","background-position":"center center","background-size":"auto","background-attachment":"scroll","background-type":"","background-media":"","overlay-type":"","overlay-color":"","overlay-opacity":"","overlay-gradient":""}},"ast-content-background-meta":{"desktop":{"background-color":"var(--ast-global-color-4)","background-image":"","background-repeat":"repeat","background-position":"center center","background-size":"auto","background-attachment":"scroll","background-type":"","background-media":"","overlay-type":"","overlay-color":"","overlay-opacity":"","overlay-gradient":""},"tablet":{"background-color":"var(--ast-global-color-4)","background-image":"","background-repeat":"repeat","background-position":"center center","background-size":"auto","background-attachment":"scroll","background-type":"","background-media":"","overlay-type":"","overlay-color":"","overlay-opacity":"","overlay-gradient":""},"mobile":{"background-color":"var(--ast-global-color-4)","background-image":"","background-repeat":"repeat","background-position":"center center","background-size":"auto","background-attachment":"scroll","background-type":"","background-media":"","overlay-type":"","overlay-color":"","overlay-opacity":"","overlay-gradient":""}},"footnotes":""},"class_list":["post-1972","page","type-page","status-publish","hentry"],"_links":{"self":[{"href":"https:\/\/recursing-dhawan.212-132-71-197.plesk.page\/index.php\/wp-json\/wp\/v2\/pages\/1972","targetHints":{"allow":["GET"]}}],"collection":[{"href":"https:\/\/recursing-dhawan.212-132-71-197.plesk.page\/index.php\/wp-json\/wp\/v2\/pages"}],"about":[{"href":"https:\/\/recursing-dhawan.212-132-71-197.plesk.page\/index.php\/wp-json\/wp\/v2\/types\/page"}],"author":[{"embeddable":true,"href":"https:\/\/recursing-dhawan.212-132-71-197.plesk.page\/index.php\/wp-json\/wp\/v2\/users\/1"}],"replies":[{"embeddable":true,"href":"https:\/\/recursing-dhawan.212-132-71-197.plesk.page\/index.php\/wp-json\/wp\/v2\/comments?post=1972"}],"version-history":[{"count":0,"href":"https:\/\/recursing-dhawan.212-132-71-197.plesk.page\/index.php\/wp-json\/wp\/v2\/pages\/1972\/revisions"}],"wp:attachment":[{"href":"https:\/\/recursing-dhawan.212-132-71-197.plesk.page\/index.php\/wp-json\/wp\/v2\/media?parent=1972"}],"curies":[{"name":"wp","href":"https:\/\/api.w.org\/{rel}","templated":true}]}}