{"id":21043,"date":"2022-01-20T10:14:29","date_gmt":"2022-01-20T10:14:29","guid":{"rendered":"https:\/\/www.deltapci.com\/?page_id=21043"},"modified":"2022-01-20T10:14:29","modified_gmt":"2022-01-20T10:14:29","slug":"arquitectura-ingenieria-y-proyectos","status":"publish","type":"page","link":"https:\/\/recursing-dhawan.212-132-71-197.plesk.page\/index.php\/arquitectura-ingenieria-y-proyectos\/","title":{"rendered":"Arquitectura, Ingenier\u00eda y Proyectos"},"content":{"rendered":"<p><img loading=\"lazy\" decoding=\"async\" src=\"https:\/\/recursing-dhawan.212-132-71-197.plesk.page\/wp-content\/uploads\/2022\/01\/word-image.png\" width=\"242\" height=\"122\"><\/p>\n<p><strong>Ingenier\u00eda y Proyectos<\/strong><\/p>\n<h3>Curso de MS Project 2016<\/h3>\n<p><strong>ONLINE: 50 HORAS<\/strong><\/p>\n<ol>\n<li>Introducci\u00f3n a la gesti\u00f3n de proyectos con MS Project 2016<\/li>\n<li>Guion de trabajo con MS Project<\/li>\n<li>Toma de contacto con MS Project 2016. El entorno<\/li>\n<li>Primeros pasos. Creaci\u00f3n de un proyecto<\/li>\n<li>Gesti\u00f3n de tareas. Duraciones. Hitos<\/li>\n<li>Gesti\u00f3n de tareas. Esquemas. V\u00ednculos. Restricciones<\/li>\n<li>Gesti\u00f3n de tareas. Optimizaci\u00f3n de tareas y tiempos<\/li>\n<li>Gesti\u00f3n de recursos. Introducci\u00f3n<\/li>\n<li>Asignaci\u00f3n de recursos a tareas<\/li>\n<li>Programaci\u00f3n de recursos. Sobreasignaciones<\/li>\n<li>Costos y recursos. Valoraciones econ\u00f3micas<\/li>\n<li>Seguimiento de un proyecto. La l\u00ednea base<\/li>\n<li>Seguimiento de un proyecto. An\u00e1lisis de desviaciones<\/li>\n<li>Opciones adicionales. Informes. Personalizaci\u00f3n<\/li>\n<\/ol>\n<p><img loading=\"lazy\" decoding=\"async\" src=\"https:\/\/recursing-dhawan.212-132-71-197.plesk.page\/wp-content\/uploads\/2022\/01\/word-image-1.png\" width=\"240\" height=\"109\"><\/p>\n<p><strong>Ingenier\u00eda y Proyectos<\/strong><\/p>\n<h3>Curso de AutoCAD 2D Iniciaci\u00f3n<\/h3>\n<p><strong>ONLINE: 55 HORAS<\/strong><\/p>\n<ol>\n<li>La Interfaz de AutoCAD<\/li>\n<li>Conceptos b\u00e1sicos<\/li>\n<li>Gesti\u00f3n de dibujos<\/li>\n<li>Modificar la visualizaci\u00f3n del dibujo<\/li>\n<li>Dibujando con medidas: coordenadas<\/li>\n<li>Referencias a objetos<\/li>\n<li>Selecci\u00f3n de objetos, desplazamientos, copias y consultas<\/li>\n<li>Dibujo de l\u00edneas auxiliares y pol\u00edgonos<\/li>\n<li>Recortar, alargar y estirar objetos<\/li>\n<li>Equidistancias, simetr\u00edas y giros<\/li>\n<li>Dibujo de arcos y elipses<\/li>\n<li>Empalmes y chaflanes<\/li>\n<li>Cambiar las dimensiones de los objetos<\/li>\n<li>Dibujo de puntos<\/li>\n<li>Propiedades generales de los objetos<\/li>\n<li>Trabajar con capas<\/li>\n<li>Imprimir creando presentaciones sencillas<\/li>\n<\/ol>\n<p><img loading=\"lazy\" decoding=\"async\" src=\"https:\/\/recursing-dhawan.212-132-71-197.plesk.page\/wp-content\/uploads\/2022\/01\/word-image-2.png\" width=\"257\" height=\"104\"><\/p>\n<p><strong>Ingenier\u00eda y Proyectos<\/strong><\/p>\n<h3>Curso de AutoCAD 2D Intermedio<\/h3>\n<p><strong>ONLINE: 60 HORAS<\/strong><\/p>\n<ol>\n<li>Dibujo de polil\u00edneas<\/li>\n<li>Edici\u00f3n de polil\u00edneas<\/li>\n<li>Rastreo polar y de referencia a objetos<\/li>\n<li>Uso de los pinzamientos para editar objetos<\/li>\n<li>Modificar las propiedades de los objetos<\/li>\n<li>Gesti\u00f3n de capas<\/li>\n<li>Gesti\u00f3n avanzada de capas<\/li>\n<li>Gesti\u00f3n de textos<\/li>\n<li>Gesti\u00f3n de sombreados<\/li>\n<li>Creaci\u00f3n e inserci\u00f3n de bloques<\/li>\n<li>Edici\u00f3n de bloques<\/li>\n<li>Ordenes de acotaci\u00f3n<\/li>\n<li>Control de las variables de acotaci\u00f3n<\/li>\n<li>Opciones avanzadas sobre presentaciones<\/li>\n<li>Tablas de estilos de trazado<\/li>\n<li>DesignCenter<\/li>\n<\/ol>\n<p><img loading=\"lazy\" decoding=\"async\" src=\"https:\/\/recursing-dhawan.212-132-71-197.plesk.page\/wp-content\/uploads\/2022\/01\/word-image-3.png\" width=\"200\" height=\"163\"><\/p>\n<p><strong>Ingenier\u00eda y Proyectos<\/strong><\/p>\n<h3>Curso de AutoCAD 3D 2019<\/h3>\n<p><strong>ONLINE: 50 HORAS<\/strong><\/p>\n<p>Este contenido eLearning cumple con los est\u00e1ndares de calidad exigidos por APeL AENOR<\/p>\n<ol>\n<li>El entorno de trabajo<\/li>\n<li>Comenzando a trabajar en 3D<\/li>\n<li>Creaci\u00f3n b\u00e1sica de s\u00f3lidos<\/li>\n<li>Modificaci\u00f3n del sistema de coordenadas<\/li>\n<li>Creaci\u00f3n avanzada de s\u00f3lidos<\/li>\n<li>Edici\u00f3n de s\u00f3lidos<\/li>\n<li>Edici\u00f3n de objetos 3D<\/li>\n<li>Gesti\u00f3n de vistas<\/li>\n<li>Acotaci\u00f3n e impresi\u00f3n de objetos 3D<\/li>\n<li>Creaci\u00f3n de superficies<\/li>\n<li>Edici\u00f3n de superficies<\/li>\n<li>Creaci\u00f3n y edici\u00f3n de Mallas<\/li>\n<li>Convertir un tipo de objeto en otro<\/li>\n<li>Planos de secci\u00f3n<\/li>\n<li>Creaci\u00f3n de objetos 2D a partir de objetos 3D<\/li>\n<\/ol>\n<p><img loading=\"lazy\" decoding=\"async\" src=\"https:\/\/recursing-dhawan.212-132-71-197.plesk.page\/wp-content\/uploads\/2022\/01\/word-image-4.png\" width=\"263\" height=\"121\"><\/p>\n<p><strong>Ingenier\u00eda y Proyectos<\/strong><\/p>\n<h3>Curso de Revit: Iniciaci\u00f3n al Dise\u00f1o 3D<\/h3>\n<p><strong>ONLINE: 50 HORAS<\/strong><\/p>\n<ol>\n<li>La interfaz de Revit<\/li>\n<li>Visualizar un proyecto de Revit<\/li>\n<li>Gesti\u00f3n de archivos<\/li>\n<li>Comenzar a trabajar con Revit<\/li>\n<li>Comenzar a crear un proyecto<\/li>\n<li>Crear y modificar muros<\/li>\n<li>Crear y modificar suelos<br \/>\nA\u00f1adir pilares arquitect\u00f3nicos al proyecto<\/li>\n<li>Crear y modificar techos<\/li>\n<li>Crear y modificar cubiertas<\/li>\n<li>A\u00f1adir puertas y ventanas al proyecto<\/li>\n<li>Crear y modificar escaleras, rampas y barandillas<\/li>\n<li>A\u00f1adir mobiliario al proyecto<\/li>\n<li>Crear un edificio sencillo completo<\/li>\n<\/ol>\n<p><img loading=\"lazy\" decoding=\"async\" src=\"https:\/\/recursing-dhawan.212-132-71-197.plesk.page\/wp-content\/uploads\/2018\/01\/foto-post-deltapci7.jpg\" alt=\"\" width=\"282\" height=\"107\"><\/p>\n<p><strong>Ingenier\u00eda y Proyectos<\/strong><\/p>\n<h3>Curso de Revit: Maquetaci\u00f3n de Planos<\/h3>\n<p><strong>ONLINE: 40 HORAS<\/strong><\/p>\n<p>Este contenido eLearning cumple con los est\u00e1ndares de calidad exigidos por APeL AENOR<\/p>\n<ol>\n<li>A\u00f1adir vistas al Proyecto<\/li>\n<li>Delimitar el \u00e1rea de la vista<\/li>\n<li>Elementos visibles en la vista<\/li>\n<li>Color, grosor y patr\u00f3n de l\u00ednea<\/li>\n<li>Propiedades de las vistas<\/li>\n<li>Acotar vistas<\/li>\n<li>Crear textos<\/li>\n<li>Superficies de habitaciones<\/li>\n<li>Crear planos e imprimirlos<\/li>\n<li>Imprimir un proyecto de Revit<\/li>\n<\/ol>\n<p><a href=\"https:\/\/recursing-dhawan.212-132-71-197.plesk.page\/wp-content\/uploads\/2019\/01\/cad3d-e1548355751307.jpg\"><img loading=\"lazy\" decoding=\"async\" src=\"https:\/\/recursing-dhawan.212-132-71-197.plesk.page\/wp-content\/uploads\/2019\/01\/cad3d-e1548355751307.jpg\" alt=\"Arquitectura y Dise\u00f1o 3D\" width=\"229\" height=\"120\"><\/a><\/p>\n<p><strong>Ingenier\u00eda y Proyectos<\/strong><\/p>\n<h3>Curso de Presto 2019. Presupuestos y Certificaciones<\/h3>\n<p><strong>ONLINE: 50 HORAS<\/strong><\/p>\n<p>Este contenido eLearning cumple con los est\u00e1ndares de calidad exigidos por APeL AENOR<\/p>\n<ol>\n<li>Introducci\u00f3n<\/li>\n<li>Gesti\u00f3n de archivos<\/li>\n<li>El presupuesto de la obra en Presto 2019<\/li>\n<li>A\u00f1adir conceptos al presupuesto<\/li>\n<li>Elementos asociados a un concepto<\/li>\n<li>Crear presupuestos utilizando cuadros de precios<\/li>\n<li>A\u00f1adir mediciones al presupuesto<\/li>\n<li>Imprimir<\/li>\n<li>Operaciones sobre el presupuesto<\/li>\n<li>Intercambio de informaci\u00f3n con otros programas<\/li>\n<li>Certificaciones de obra<\/li>\n<li>Introducci\u00f3n a la modificaci\u00f3n de informes<\/li>\n<\/ol>\n<p><img decoding=\"async\" src=\"https:\/\/recursing-dhawan.212-132-71-197.plesk.page\/wp-content\/uploads\/2022\/01\/curso-de-ingenieria-de-costos-con-presto-2019.jpeg\" alt=\"Curso de Ingenier\u00eda de Costos con Presto 2019\"><\/p>\n<p><strong>Ingenier\u00eda y Proyectos<\/strong><\/p>\n<h3>Curso de Ingenier\u00eda de Costos con Presto 2019<\/h3>\n<p><strong>ONLINE: 40 HORAS<\/strong><\/p>\n<ol>\n<li>Procedimientos generales<\/li>\n<li>Conociendo Presto 2019<\/li>\n<li>Presupuesto<\/li>\n<li>Creando un presupuesto<\/li>\n<li>Objetivo de coste<\/li>\n<li>Gesti\u00f3n del tiempo<\/li>\n<li>Compras<\/li>\n<li>Administraci\u00f3n<\/li>\n<li>Seguimiento mensual del resultado<\/li>\n<li>Seguimiento del proyecto<\/li>\n<li>Cost-it<\/li>\n<li>Informes<\/li>\n<\/ol>\n<p><img decoding=\"async\" src=\"https:\/\/recursing-dhawan.212-132-71-197.plesk.page\/wp-content\/uploads\/2022\/01\/word-image-5.png\"><\/p>\n<h3>Curso GVSIG<\/h3>\n<p>Duraci\u00f3n 40 Horas<\/p>\n<ol>\n<li>ENTORNO DE GVSIG-DESKTOP: PROYECTOS Y VISTAS<\/li>\n<li>CARGA Y REPRESENTACI\u00d3N DE DATOS: SIMBOLOG\u00cdA<\/li>\n<li>TRABAJANDO CON TABLAS: CONSULTA Y RELACIONES<\/li>\n<li>CREACI\u00d3N Y EDICI\u00d3N DE DATOS VECTORIALES<\/li>\n<li>GEOPROCESAMIENTO B\u00c1SICO CON GVSIG-DESKTOP<\/li>\n<li>GEORREFERENCIACI\u00d3N DE IM\u00c1GENES.<\/li>\n<li>INTRODUCCI\u00d3N A SEXTANTE Y AN\u00c1LISIS RASTER<\/li>\n<\/ol>\n<p><img loading=\"lazy\" decoding=\"async\" src=\"https:\/\/recursing-dhawan.212-132-71-197.plesk.page\/wp-content\/uploads\/2022\/01\/word-image-6.png\" width=\"261\" height=\"184\"><\/p>\n<h3>Curso de Interpretaci\u00f3n de Planos<\/h3>\n<p>Duraci\u00f3n 20 Horas<\/p>\n<ol>\n<li>INTERPRETAR UN PLANO Y LA SIMBOLOG\u00cdA CORRESPONDIENTE.<\/li>\n<li>VISTAS DE UN OBJETO EN EL DIBUJO.<\/li>\n<li>EL ACOTADO EN EL DIBUJO.<\/li>\n<\/ol>\n<p><img loading=\"lazy\" decoding=\"async\" src=\"https:\/\/recursing-dhawan.212-132-71-197.plesk.page\/wp-content\/uploads\/2022\/01\/word-image-7.png\" width=\"303\" height=\"160\"><\/p>\n<h3>Curso de Autocad Civil 3D<\/h3>\n<p>Duraci\u00f3n 40 Horas<\/p>\n<ol>\n<li>FUNDAMENTOS Y MANEJO B\u00c1SICO DE AUTOCAD CIVIL 3D<\/li>\n<li>PUNTOS EN AUTOCAD CIVIL 3D<\/li>\n<li>SUPERFICIES EN AUTOCAD CIVIL 3D<\/li>\n<li>&nbsp;EXPLANACIONES EN AUTOCAD CIVIL 3D<\/li>\n<li>ALINEACIONES EN AUTOCAD CIVIL 3D<\/li>\n<li>PERFILES LONGITIDINALES EN AUTOCAD CIVIL 3D<\/li>\n<li>SECCIONES TRASNVERSALES EN AUTOCAD CIVIL 3D<\/li>\n<li>OBRAS LINEALES EN AUTOCAD CIVIL 3D<\/li>\n<li>GEOUBICACION EN AUTOCAD CIVIL 3D<\/li>\n<\/ol>\n<p><img loading=\"lazy\" decoding=\"async\" src=\"https:\/\/recursing-dhawan.212-132-71-197.plesk.page\/wp-content\/uploads\/2022\/01\/word-image-8.png\" width=\"267\" height=\"159\"><\/p>\n<h3>CURSO DE REVIT MEP<\/h3>\n<p>Duraci\u00f3n 40 Horas<\/p>\n<p>M\u00d3DULO 1. REVIT MEP<\/p>\n<ol>\n<li>INTRODUCCI\u00d3N BIM MEP<\/li>\n<li>CREACI\u00d3N E IMPORTACI\u00d3N<\/li>\n<\/ol>\n<p>M\u00d3DULO 2. MEP ELECTRICIDAD<\/p>\n<ol>\n<li>CONFIGURACI\u00d3N DEL PROYECTO<\/li>\n<li>CONFIGURACI\u00d3N EL\u00c9CTRICA<\/li>\n<li>ELEMENTOS Y SISTEMAS EL\u00c9CTRICOS<\/li>\n<li>TRABAJO CON CIRCUITOS EL\u00c9CTRICOS<\/li>\n<li>TAMA\u00d1O Y COMPROBACI\u00d3N DE LA INSTALACI\u00d3N EL\u00c9CTRICA<\/li>\n<\/ol>\n<p>M\u00d3DULO 3. MEP FONTANER\u00cdA<\/p>\n<ol>\n<li>CONFIGURACI\u00d3N DEL PROYECTO.<\/li>\n<li>FONTANER\u00cdA.<\/li>\n<li>10. SANEAMIENTO.<\/li>\n<li>11. COMPROBACI\u00d3N E INSTALACI\u00d3N FINAL.<\/li>\n<\/ol>\n","protected":false},"excerpt":{"rendered":"<p>Ingenier\u00eda y Proyectos Curso de MS Project 2016 ONLINE: 50 HORAS Introducci\u00f3n a la gesti\u00f3n de proyectos con MS Project [&hellip;]<\/p>\n","protected":false},"author":1,"featured_media":0,"parent":0,"menu_order":0,"comment_status":"closed","ping_status":"closed","template":"","meta":{"site-sidebar-layout":"default","site-content-layout":"default","ast-site-content-layout":"default","site-content-style":"default","site-sidebar-style":"default","ast-global-header-display":"","ast-banner-title-visibility":"","ast-main-header-display":"","ast-hfb-above-header-display":"","ast-hfb-below-header-display":"","ast-hfb-mobile-header-display":"","site-post-title":"","ast-breadcrumbs-content":"","ast-featured-img":"","footer-sml-layout":"","ast-disable-related-posts":"","theme-transparent-header-meta":"default","adv-header-id-meta":"","stick-header-meta":"","header-above-stick-meta":"","header-main-stick-meta":"","header-below-stick-meta":"","astra-migrate-meta-layouts":"default","ast-page-background-enabled":"default","ast-page-background-meta":{"desktop":{"background-color":"var(--ast-global-color-5)","background-image":"","background-repeat":"repeat","background-position":"center center","background-size":"auto","background-attachment":"scroll","background-type":"","background-media":"","overlay-type":"","overlay-color":"","overlay-opacity":"","overlay-gradient":""},"tablet":{"background-color":"","background-image":"","background-repeat":"repeat","background-position":"center center","background-size":"auto","background-attachment":"scroll","background-type":"","background-media":"","overlay-type":"","overlay-color":"","overlay-opacity":"","overlay-gradient":""},"mobile":{"background-color":"","background-image":"","background-repeat":"repeat","background-position":"center center","background-size":"auto","background-attachment":"scroll","background-type":"","background-media":"","overlay-type":"","overlay-color":"","overlay-opacity":"","overlay-gradient":""}},"ast-content-background-meta":{"desktop":{"background-color":"var(--ast-global-color-4)","background-image":"","background-repeat":"repeat","background-position":"center center","background-size":"auto","background-attachment":"scroll","background-type":"","background-media":"","overlay-type":"","overlay-color":"","overlay-opacity":"","overlay-gradient":""},"tablet":{"background-color":"var(--ast-global-color-4)","background-image":"","background-repeat":"repeat","background-position":"center center","background-size":"auto","background-attachment":"scroll","background-type":"","background-media":"","overlay-type":"","overlay-color":"","overlay-opacity":"","overlay-gradient":""},"mobile":{"background-color":"var(--ast-global-color-4)","background-image":"","background-repeat":"repeat","background-position":"center center","background-size":"auto","background-attachment":"scroll","background-type":"","background-media":"","overlay-type":"","overlay-color":"","overlay-opacity":"","overlay-gradient":""}},"footnotes":""},"class_list":["post-21043","page","type-page","status-publish","hentry"],"_links":{"self":[{"href":"https:\/\/recursing-dhawan.212-132-71-197.plesk.page\/index.php\/wp-json\/wp\/v2\/pages\/21043","targetHints":{"allow":["GET"]}}],"collection":[{"href":"https:\/\/recursing-dhawan.212-132-71-197.plesk.page\/index.php\/wp-json\/wp\/v2\/pages"}],"about":[{"href":"https:\/\/recursing-dhawan.212-132-71-197.plesk.page\/index.php\/wp-json\/wp\/v2\/types\/page"}],"author":[{"embeddable":true,"href":"https:\/\/recursing-dhawan.212-132-71-197.plesk.page\/index.php\/wp-json\/wp\/v2\/users\/1"}],"replies":[{"embeddable":true,"href":"https:\/\/recursing-dhawan.212-132-71-197.plesk.page\/index.php\/wp-json\/wp\/v2\/comments?post=21043"}],"version-history":[{"count":0,"href":"https:\/\/recursing-dhawan.212-132-71-197.plesk.page\/index.php\/wp-json\/wp\/v2\/pages\/21043\/revisions"}],"wp:attachment":[{"href":"https:\/\/recursing-dhawan.212-132-71-197.plesk.page\/index.php\/wp-json\/wp\/v2\/media?parent=21043"}],"curies":[{"name":"wp","href":"https:\/\/api.w.org\/{rel}","templated":true}]}}