{"id":25264,"date":"2021-01-29T06:07:03","date_gmt":"2021-01-29T06:07:03","guid":{"rendered":"https:\/\/www.deltapci.com\/home\/"},"modified":"2021-01-29T06:07:03","modified_gmt":"2021-01-29T06:07:03","slug":"delta-pc-centro-de-formacion-continua-clases-particulares-y-cursos-empresas-informatica-administracion-pymes-riesgos-laborales-oposiciones-universidad-ciclos-fp","status":"publish","type":"page","link":"https:\/\/recursing-dhawan.212-132-71-197.plesk.page\/","title":{"rendered":"Inicio"},"content":{"rendered":"\n<p>&nbsp;<\/p>\n<p>&nbsp;<\/p>\n\n\n\n<div class=\"wp-block-buttons is-content-justification-center is-layout-flex wp-container-core-buttons-is-layout-5b5683f2 wp-block-buttons-is-layout-flex\">\n<div class=\"wp-block-button\"><a class=\"wp-block-button__link wp-element-button\" href=\"https:\/\/recursing-dhawan.212-132-71-197.plesk.page\/cursos-por-categorias\/\">Cursos<\/a><\/div>\n\n\n\n<div class=\"wp-block-button is-style-fill\"><a class=\"wp-block-button__link wp-element-button\" href=\"https:\/\/recursing-dhawan.212-132-71-197.plesk.page\/formacion-programada\/\">Cursos Bonificados<\/a><\/div>\n\n\n\n<div class=\"wp-block-button is-style-fill\"><a class=\"wp-block-button__link wp-element-button\" href=\"https:\/\/recursing-dhawan.212-132-71-197.plesk.page\/formacion-en-alternancia\/\">Formaci\u00f3n en Alternancia<\/a><\/div>\n\n\n\n<div class=\"wp-block-button\"><a class=\"wp-block-button__link wp-element-button\" href=\"https:\/\/recursing-dhawan.212-132-71-197.plesk.page\/formacion-profesional\/\">Formaci\u00f3n Profesional<\/a><\/div>\n<\/div>\n\n\n\n<div class=\"wp-block-uagb-image aligncenter uagb-block-770ef6c2 wp-block-uagb-image--layout-default wp-block-uagb-image--effect-static wp-block-uagb-image--align-center\"><figure class=\"wp-block-uagb-image__figure\"><img decoding=\"async\" srcset=\"https:\/\/www.deltapci.com\/wp-content\/uploads\/2026\/03\/cartel-renta-2026-1024x597.png ,https:\/\/www.deltapci.com\/wp-content\/uploads\/2026\/03\/cartel-renta-2026.png 780w, https:\/\/www.deltapci.com\/wp-content\/uploads\/2026\/03\/cartel-renta-2026.png 360w\" sizes=\"auto, (max-width: 480px) 150px\" src=\"https:\/\/recursing-dhawan.212-132-71-197.plesk.page\/wp-content\/uploads\/2026\/03\/cartel-renta-2026-1024x597.png\" alt=\"\" class=\"uag-image-35998\" width=\"1024\" height=\"683\" title=\"cartel renta 2026\" loading=\"lazy\" role=\"img\"\/><\/figure><\/div>\n\n\n\n<div class=\"inherit-container-width wp-block-group has-ast-global-color-5-background-color has-background is-layout-constrained wp-block-group-is-layout-constrained\">\n<div class=\"wp-block-cover aligncenter is-light\" style=\"margin-top:0px;margin-bottom:0px;padding-top:0px;padding-bottom:0px\"><img decoding=\"async\" class=\"wp-block-cover__image-background wp-image-19514\" alt=\"\" src=\"https:\/\/recursing-dhawan.212-132-71-197.plesk.page\/wp-content\/uploads\/2021\/11\/cadarquitectura-1-e1636455553543.jpg\" style=\"object-position:52% 85%\" data-object-fit=\"cover\" data-object-position=\"52% 85%\"\/><span aria-hidden=\"true\" class=\"wp-block-cover__background has-pale-cyan-blue-background-color has-background-dim-80 has-background-dim\"><\/span><div class=\"wp-block-cover__inner-container is-layout-flow wp-container-core-cover-is-layout-b03a2f3c wp-block-cover-is-layout-flow\">\n<h2 class=\"wp-block-heading has-text-align-center has-vivid-cyan-blue-background-color has-background\" id=\"tutoriales\"><a href=\"https:\/\/recursing-dhawan.212-132-71-197.plesk.page\/category\/tutoriales\/\">Tutoriales<\/a><\/h2>\n\n\n<ul class=\"wp-block-latest-posts__list is-grid columns-3 wp-block-latest-posts\"><\/ul><\/div><\/div>\n\n\n\n<div class=\"wp-block-columns is-layout-flex wp-container-core-columns-is-layout-28f84493 wp-block-columns-is-layout-flex\">\n<div class=\"wp-block-column is-layout-flow wp-block-column-is-layout-flow\">\n<div class=\"wp-block-cover is-light\"><img decoding=\"async\" class=\"wp-block-cover__image-background wp-image-25074\" alt=\"\" src=\"https:\/\/recursing-dhawan.212-132-71-197.plesk.page\/wp-content\/uploads\/2018\/12\/post1-free-img.jpg\" data-object-fit=\"cover\"\/><span aria-hidden=\"true\" class=\"wp-block-cover__background has-ast-global-color-2-background-color has-background-dim\"><\/span><div class=\"wp-block-cover__inner-container is-layout-flow wp-block-cover-is-layout-flow\"><ul class=\"wp-block-latest-posts__list wp-block-latest-posts\"><li><a class=\"wp-block-latest-posts__post-title\" href=\"https:\/\/recursing-dhawan.212-132-71-197.plesk.page\/index.php\/2019\/04\/12\/genericos-en-java-programacion\/\">Gen\u00e9ricos en Java. Programaci\u00f3n<\/a><div class=\"wp-block-latest-posts__post-excerpt\">Ser\u00eda bueno si pudi\u00e9ramos escribir un \u00fanico m\u00e9todo de ordenaci\u00f3n usando genericos en java de forma que se pudiera ordenar&#8230; <a class=\"wp-block-latest-posts__read-more\" href=\"https:\/\/recursing-dhawan.212-132-71-197.plesk.page\/index.php\/2019\/04\/12\/genericos-en-java-programacion\/\" rel=\"noopener noreferrer\">Lee m\u00e1s<span class=\"screen-reader-text\">: Gen\u00e9ricos en Java. Programaci\u00f3n<\/span><\/a><\/div><\/li>\n<\/ul>\n\n\n<div class=\"wp-block-buttons is-layout-flex wp-block-buttons-is-layout-flex\">\n<div class=\"wp-block-button\"><a class=\"wp-block-button__link wp-element-button\" href=\"https:\/\/recursing-dhawan.212-132-71-197.plesk.page\/cursos-por-categorias\/informatica-de-usuario\/\">Inform\u00e1tica<\/a><\/div>\n<\/div>\n<\/div><\/div>\n<\/div>\n\n\n\n<div class=\"wp-block-column is-layout-flow wp-block-column-is-layout-flow\">\n<div class=\"wp-block-cover is-light\"><img decoding=\"async\" class=\"wp-block-cover__image-background wp-image-25119\" alt=\"\" src=\"https:\/\/recursing-dhawan.212-132-71-197.plesk.page\/wp-content\/uploads\/2018\/12\/blog6-free-img.jpg\" data-object-fit=\"cover\"\/><span aria-hidden=\"true\" class=\"wp-block-cover__background has-ast-global-color-2-background-color has-background-dim\"><\/span><div class=\"wp-block-cover__inner-container is-layout-flow wp-block-cover-is-layout-flow\"><ul class=\"wp-block-latest-posts__list wp-block-latest-posts\"><\/ul>\n\n\n<div class=\"wp-block-buttons is-layout-flex wp-block-buttons-is-layout-flex\">\n<div class=\"wp-block-button\"><a class=\"wp-block-button__link wp-element-button\" href=\"https:\/\/recursing-dhawan.212-132-71-197.plesk.page\/cursos-por-categorias\/diseno-cad\/\">Dise\u00f1o Ingenier\u00eda<\/a><\/div>\n<\/div>\n<\/div><\/div>\n<\/div>\n\n\n\n<div class=\"wp-block-column is-layout-flow wp-block-column-is-layout-flow\">\n<div class=\"wp-block-cover\"><img decoding=\"async\" class=\"wp-block-cover__image-background wp-image-25717\" alt=\"\" src=\"https:\/\/recursing-dhawan.212-132-71-197.plesk.page\/wp-content\/uploads\/2022\/02\/Oficina1-scaled.jpg\" style=\"object-position:67% 53%\" data-object-fit=\"cover\" data-object-position=\"67% 53%\"\/><span aria-hidden=\"true\" class=\"wp-block-cover__background has-ast-global-color-2-background-color has-background-dim-60 has-background-dim\"><\/span><div class=\"wp-block-cover__inner-container is-layout-flow wp-block-cover-is-layout-flow\"><ul class=\"wp-block-latest-posts__list wp-block-latest-posts\"><li><a class=\"wp-block-latest-posts__post-title\" href=\"https:\/\/recursing-dhawan.212-132-71-197.plesk.page\/index.php\/2025\/06\/03\/algebra-booleana-sistemas-digitales\/\">\u00c1lgebra de Boole<\/a><div class=\"wp-block-latest-posts__post-excerpt\">\u00c1lgebra de Boole &#8211; Sistemas Digitales \u00c1lgebra de Boole Fundamentos matem\u00e1ticos para sistemas digitales Operaciones&#8230; <a class=\"wp-block-latest-posts__read-more\" href=\"https:\/\/recursing-dhawan.212-132-71-197.plesk.page\/index.php\/2025\/06\/03\/algebra-booleana-sistemas-digitales\/\" rel=\"noopener noreferrer\">Lee m\u00e1s<span class=\"screen-reader-text\">: \u00c1lgebra de Boole<\/span><\/a><\/div><\/li>\n<\/ul>\n\n\n<div class=\"wp-block-buttons is-layout-flex wp-block-buttons-is-layout-flex\">\n<div class=\"wp-block-button\"><a class=\"wp-block-button__link wp-element-button\" href=\"https:\/\/recursing-dhawan.212-132-71-197.plesk.page\/administracion-y-gestion\/\">Administraci\u00f3n<\/a><\/div>\n<\/div>\n<\/div><\/div>\n<\/div>\n<\/div>\n\n\n\n<h2 class=\"wp-block-heading has-text-align-center has-black-color has-pale-cyan-blue-background-color has-text-color has-background\" style=\"font-size:15px;text-transform:uppercase\">Novedades<\/h2>\n\n\n<ul style=\"font-size:15px;\" class=\"wp-block-latest-posts__list has-link-color aligncenter wp-elements-521d829c5448ed672e22bd5ff44140ee wp-block-latest-posts has-text-color has-ast-global-color-8-color has-background has-pale-cyan-blue-background-color\"><li><a class=\"wp-block-latest-posts__post-title\" href=\"https:\/\/recursing-dhawan.212-132-71-197.plesk.page\/index.php\/2026\/04\/07\/hello-world\/\">Hello world!<\/a><\/li>\n<li><a class=\"wp-block-latest-posts__post-title\" href=\"https:\/\/recursing-dhawan.212-132-71-197.plesk.page\/index.php\/2025\/06\/03\/algebra-booleana-sistemas-digitales\/\">\u00c1lgebra de Boole<\/a><\/li>\n<li><a class=\"wp-block-latest-posts__post-title\" href=\"https:\/\/recursing-dhawan.212-132-71-197.plesk.page\/index.php\/2025\/03\/26\/ejercicios-de-listas-en-python\/\">Ejercicios de Listas en Python<\/a><\/li>\n<li><a class=\"wp-block-latest-posts__post-title\" href=\"https:\/\/recursing-dhawan.212-132-71-197.plesk.page\/index.php\/2022\/09\/08\/tablas-dinamicas-en-excel\/\">Tablas Din\u00e1micas en Excel<\/a><\/li>\n<\/ul><\/div>\n\n\n","protected":false},"excerpt":{"rendered":"<p>Novedades<\/p>\n","protected":false},"author":1,"featured_media":25520,"parent":0,"menu_order":0,"comment_status":"closed","ping_status":"closed","template":"","meta":{"site-sidebar-layout":"no-sidebar","site-content-layout":"plain-container","ast-site-content-layout":"normal-width-container","site-content-style":"unboxed","site-sidebar-style":"unboxed","ast-global-header-display":"","ast-banner-title-visibility":"","ast-main-header-display":"","ast-hfb-above-header-display":"","ast-hfb-below-header-display":"","ast-hfb-mobile-header-display":"","site-post-title":"disabled","ast-breadcrumbs-content":"","ast-featured-img":"disabled","footer-sml-layout":"","ast-disable-related-posts":"","theme-transparent-header-meta":"enabled","adv-header-id-meta":"","stick-header-meta":"","header-above-stick-meta":"","header-main-stick-meta":"","header-below-stick-meta":"","astra-migrate-meta-layouts":"set","ast-page-background-enabled":"default","ast-page-background-meta":{"desktop":{"background-color":"var(--ast-global-color-5)","background-image":"","background-repeat":"repeat","background-position":"center center","background-size":"auto","background-attachment":"scroll","background-type":"","background-media":"","overlay-type":"","overlay-color":"","overlay-opacity":"","overlay-gradient":""},"tablet":{"background-color":"","background-image":"","background-repeat":"repeat","background-position":"center center","background-size":"auto","background-attachment":"scroll","background-type":"","background-media":"","overlay-type":"","overlay-color":"","overlay-opacity":"","overlay-gradient":""},"mobile":{"background-color":"","background-image":"","background-repeat":"repeat","background-position":"center center","background-size":"auto","background-attachment":"scroll","background-type":"","background-media":"","overlay-type":"","overlay-color":"","overlay-opacity":"","overlay-gradient":""}},"ast-content-background-meta":{"desktop":{"background-color":"var(--ast-global-color-4)","background-image":"","background-repeat":"repeat","background-position":"center center","background-size":"auto","background-attachment":"scroll","background-type":"","background-media":"","overlay-type":"","overlay-color":"","overlay-opacity":"","overlay-gradient":""},"tablet":{"background-color":"var(--ast-global-color-4)","background-image":"","background-repeat":"repeat","background-position":"center center","background-size":"auto","background-attachment":"scroll","background-type":"","background-media":"","overlay-type":"","overlay-color":"","overlay-opacity":"","overlay-gradient":""},"mobile":{"background-color":"var(--ast-global-color-4)","background-image":"","background-repeat":"repeat","background-position":"center center","background-size":"auto","background-attachment":"scroll","background-type":"","background-media":"","overlay-type":"","overlay-color":"","overlay-opacity":"","overlay-gradient":""}},"footnotes":""},"class_list":["post-25264","page","type-page","status-publish","has-post-thumbnail","hentry"],"_links":{"self":[{"href":"https:\/\/recursing-dhawan.212-132-71-197.plesk.page\/index.php\/wp-json\/wp\/v2\/pages\/25264","targetHints":{"allow":["GET"]}}],"collection":[{"href":"https:\/\/recursing-dhawan.212-132-71-197.plesk.page\/index.php\/wp-json\/wp\/v2\/pages"}],"about":[{"href":"https:\/\/recursing-dhawan.212-132-71-197.plesk.page\/index.php\/wp-json\/wp\/v2\/types\/page"}],"author":[{"embeddable":true,"href":"https:\/\/recursing-dhawan.212-132-71-197.plesk.page\/index.php\/wp-json\/wp\/v2\/users\/1"}],"replies":[{"embeddable":true,"href":"https:\/\/recursing-dhawan.212-132-71-197.plesk.page\/index.php\/wp-json\/wp\/v2\/comments?post=25264"}],"version-history":[{"count":0,"href":"https:\/\/recursing-dhawan.212-132-71-197.plesk.page\/index.php\/wp-json\/wp\/v2\/pages\/25264\/revisions"}],"wp:featuredmedia":[{"embeddable":true,"href":"https:\/\/recursing-dhawan.212-132-71-197.plesk.page\/index.php\/wp-json\/"}],"wp:attachment":[{"href":"https:\/\/recursing-dhawan.212-132-71-197.plesk.page\/index.php\/wp-json\/wp\/v2\/media?parent=25264"}],"curies":[{"name":"wp","href":"https:\/\/api.w.org\/{rel}","templated":true}]}}