{"id":27910,"date":"2022-07-19T10:19:01","date_gmt":"2022-07-19T10:19:01","guid":{"rendered":"https:\/\/www.deltapci.com\/?page_id=27910"},"modified":"2022-07-19T10:19:01","modified_gmt":"2022-07-19T10:19:01","slug":"formacion-en-alternancia","status":"publish","type":"page","link":"https:\/\/recursing-dhawan.212-132-71-197.plesk.page\/index.php\/formacion-en-alternancia\/","title":{"rendered":"Formaci\u00f3n en Alternancia"},"content":{"rendered":"\n<div class=\"wp-block-cover\" style=\"min-height:259px;aspect-ratio:unset;\"><span aria-hidden=\"true\" class=\"wp-block-cover__background has-background-dim\"><\/span><img decoding=\"async\" class=\"wp-block-cover__image-background wp-image-25222\" alt=\"\" src=\"https:\/\/recursing-dhawan.212-132-71-197.plesk.page\/wp-content\/uploads\/2020\/02\/home-page-bg-banner.jpg\" data-object-fit=\"cover\"\/><div class=\"wp-block-cover__inner-container is-layout-flow wp-block-cover-is-layout-flow\">\n<div class=\"wp-block-columns is-layout-flex wp-container-core-columns-is-layout-28f84493 wp-block-columns-is-layout-flex\">\n<div class=\"wp-block-column is-layout-flow wp-block-column-is-layout-flow\" style=\"flex-basis:66.66%\">\n<p class=\"has-white-color has-text-color\" style=\"font-size:24px\">Nuevo Contrato de Formaci\u00f3n en alternancia<br>El \u00fanico contrato laboral con una bonificaci\u00f3n del 100% en los seguros sociales durante toda su vigencia.<\/p>\n<\/div>\n\n\n\n<div class=\"wp-block-column is-layout-flow wp-block-column-is-layout-flow\" style=\"flex-basis:33.33%\">\n<p class=\"has-ast-global-color-4-color has-text-color\" style=\"font-size:12px\">La reciente reforma laboral publicada en&nbsp;el RDL 32\/2021 ha modificado el contrato para la formaci\u00f3n y el aprendizaje, empezando por su denominaci\u00f3n, puesto que&nbsp;ahora se denomina contrato para la formaci\u00f3n en alternancia.<\/p>\n\n\n\n<p class=\"has-ast-global-color-4-color has-text-color\" style=\"font-size:12px\">Este contrato de formaci\u00f3n en alternancia&nbsp;entr\u00f3 en vigor el&nbsp;30 de marzo de 2022<\/p>\n<\/div>\n<\/div>\n<\/div><\/div>\n\n\n\n<div class=\"wp-block-columns is-layout-flex wp-container-core-columns-is-layout-28f84493 wp-block-columns-is-layout-flex\">\n<div class=\"wp-block-column has-luminous-vivid-amber-background-color has-background is-layout-flow wp-block-column-is-layout-flow\">\n<figure class=\"wp-block-image aligncenter size-full\"><img decoding=\"async\" src=\"https:\/\/recursing-dhawan.212-132-71-197.plesk.page\/wp-content\/uploads\/2022\/07\/logosolotransparente.png\" alt=\"\" class=\"wp-image-27920\"\/><figcaption class=\"wp-element-caption\"><strong><a href=\"\/#TRABAJADOR\">TRABAJADOR<\/a><\/strong><\/figcaption><\/figure>\n<\/div>\n\n\n\n<div class=\"wp-block-column has-luminous-vivid-amber-background-color has-background is-layout-flow wp-block-column-is-layout-flow\">\n<figure class=\"wp-block-image aligncenter size-full\"><img decoding=\"async\" src=\"https:\/\/recursing-dhawan.212-132-71-197.plesk.page\/wp-content\/uploads\/2022\/07\/logosolotransparente.png\" alt=\"\" class=\"wp-image-27920\"\/><figcaption class=\"wp-element-caption\"><strong><a href=\"\/#FORMACION\">FORMACI\u00d3N<\/a><\/strong><\/figcaption><\/figure>\n<\/div>\n\n\n\n<div class=\"wp-block-column has-luminous-vivid-amber-background-color has-background is-layout-flow wp-block-column-is-layout-flow\">\n<figure class=\"wp-block-image aligncenter size-full\"><img decoding=\"async\" src=\"https:\/\/recursing-dhawan.212-132-71-197.plesk.page\/wp-content\/uploads\/2022\/07\/logosolotransparente.png\" alt=\"\" class=\"wp-image-27920\"\/><figcaption class=\"wp-element-caption\"><strong><a href=\"\/#CONTRATO\">CONTRATO<\/a><\/strong><\/figcaption><\/figure>\n<\/div>\n\n\n\n<div class=\"wp-block-column has-luminous-vivid-amber-background-color has-background is-layout-flow wp-block-column-is-layout-flow\">\n<figure class=\"wp-block-image aligncenter size-full\"><img decoding=\"async\" src=\"https:\/\/recursing-dhawan.212-132-71-197.plesk.page\/wp-content\/uploads\/2022\/07\/logosolotransparente-2.png\" alt=\"\" class=\"wp-image-27923\"\/><figcaption class=\"wp-element-caption\"><strong><a href=\"\/#JORNADA\">JORNADA<\/a><\/strong><\/figcaption><\/figure>\n<\/div>\n\n\n\n<div class=\"wp-block-column has-luminous-vivid-amber-background-color has-background is-layout-flow wp-block-column-is-layout-flow\">\n<figure class=\"wp-block-image aligncenter size-full\"><img decoding=\"async\" src=\"https:\/\/recursing-dhawan.212-132-71-197.plesk.page\/wp-content\/uploads\/2022\/07\/logosolotransparente.png\" alt=\"\" class=\"wp-image-27920\"\/><figcaption class=\"wp-element-caption\"><strong><a href=\"\/#SALARIO\">SALARIO<\/a><\/strong><\/figcaption><\/figure>\n<\/div>\n<\/div>\n\n\n\n<div class=\"wp-block-cover\" style=\"min-height:186px;aspect-ratio:unset;\"><span aria-hidden=\"true\" class=\"wp-block-cover__background has-ast-global-color-8-background-color has-background-dim-100 has-background-dim\"><\/span><div class=\"wp-block-cover__inner-container is-layout-flow wp-block-cover-is-layout-flow\">\n<h3 class=\"has-text-align-center has-ast-global-color-4-color has-text-color wp-block-heading\">SIN COSTE EN SEGURIDAD SOCIAL<\/h3>\n\n\n\n<h4 class=\"has-text-align-center has-ast-global-color-4-color has-text-color wp-block-heading\">Tiene derecho a una reducci\u00f3n del 100% en las cuotas de la Seguridad Social (75% si la empresa tiene m\u00e1s de 250 trabajadores) y una bonificaci\u00f3n del 100% de la formaci\u00f3n en los Seguros Sociales.<\/h4>\n<\/div><\/div>\n\n\n\n<div class=\"wp-block-cover\" style=\"min-height:291px;aspect-ratio:unset;\"><span aria-hidden=\"true\" class=\"wp-block-cover__background has-ast-global-color-0-background-color has-background-dim-100 has-background-dim\"><\/span><div class=\"wp-block-cover__inner-container is-layout-flow wp-block-cover-is-layout-flow\">\n<h4 class=\"has-ast-global-color-5-color has-text-color wp-block-heading\" id=\"TRABAJADOR\">REQUISITOS DE LA PERSONA TRABAJADORA<\/h4>\n\n\n\n<div class=\"wp-block-columns is-layout-flex wp-container-core-columns-is-layout-28f84493 wp-block-columns-is-layout-flex\">\n<div class=\"wp-block-column is-layout-flow wp-block-column-is-layout-flow\">\n<p class=\"has-ast-global-color-5-color has-text-color\" style=\"font-size:14px\">Edad, mayores de 16 y menores de 30.<\/p>\n\n\n\n<p class=\"has-ast-global-color-5-color has-text-color\" style=\"font-size:14px\">No tener la titulaci\u00f3n oficial obtenida y reconocida por el sistema de formaci\u00f3n profesional para el empleo o del sistema educativo para la realizaci\u00f3n de un contrato formativo para la obtenci\u00f3n de pr\u00e1ctica profesional (los antiguamente conocidos como contratos en pr\u00e1cticas).<\/p>\n<\/div>\n\n\n\n<div class=\"wp-block-column is-layout-flow wp-block-column-is-layout-flow\">\n<p class=\"has-ast-global-color-5-color has-text-color\" style=\"font-size:14px\">No se puede celebrar un contrato para la formaci\u00f3n cuyo fin sea la cualificaci\u00f3n de un puesto de trabajo que haya sido desempe\u00f1ado por el trabajador en la misma empresa por un tiempo superior a 6 meses.<\/p>\n\n\n\n<p class=\"has-ast-global-color-5-color has-text-color\" style=\"font-size:14px\">No haber agotado la duraci\u00f3n m\u00e1xima establecida para los contratos de formaci\u00f3n, en la misma empresa o en otra distinta.<\/p>\n<\/div>\n<\/div>\n<\/div><\/div>\n\n\n\n<div class=\"wp-block-cover is-light\" style=\"min-height:198px;aspect-ratio:unset;\"><span aria-hidden=\"true\" class=\"wp-block-cover__background has-background-dim-100 has-background-dim\" style=\"background-color:#daa103\"><\/span><div class=\"wp-block-cover__inner-container is-layout-flow wp-block-cover-is-layout-flow\">\n<h4 class=\"has-text-align-center has-ast-global-color-5-color has-text-color wp-block-heading\" id=\"FORMACION\">TIPO DE FORMACI\u00d3N VINCULADA AL NUEVO CONTRATO DE FORMACI\u00d3N EN ALTERNANCIA<\/h4>\n\n\n\n<p class=\"has-ast-global-color-5-color has-text-color\"><br>Especialidades formativas del Cat\u00e1logo (DELTA PC) <a href=\"https:\/\/recursing-dhawan.212-132-71-197.plesk.page\/wp-content\/uploads\/2022\/08\/CATALOGO-OCUPACIONES-NUEVOS-CONTRATOS-DE-FORMACION-EN-ALTERNANCIA_AGOSTO-2022.pdf\">Ver<\/a><\/p>\n\n\n\n<div class=\"wp-block-buttons is-layout-flex wp-block-buttons-is-layout-flex\">\n<div class=\"wp-block-button aligncenter\"><a class=\"wp-block-button__link wp-element-button\" href=\"https:\/\/recursing-dhawan.212-132-71-197.plesk.page\/wp-content\/uploads\/2022\/07\/Modelo-de-Contrato-en-Alternanciao.pdf\" target=\"_blank\" rel=\"noreferrer noopener\">Modelo de Contrato<\/a><\/div>\n<\/div>\n<\/div><\/div>\n\n\n\n<div class=\"wp-block-cover\" style=\"min-height:342px;aspect-ratio:unset;\"><span aria-hidden=\"true\" class=\"wp-block-cover__background has-ast-global-color-1-background-color has-background-dim-100 has-background-dim\"><\/span><div class=\"wp-block-cover__inner-container is-layout-flow wp-block-cover-is-layout-flow\">\n<h4 class=\"has-text-align-center has-ast-global-color-5-color has-text-color wp-block-heading\" id=\"CONTRATO\">DURACI\u00d3N DEL NUEVO CONTRATO DE FORMACI\u00d3N EN ALTERNANCIA<\/h4>\n\n\n\n<p>M\u00ednimo 3 meses y m\u00e1ximo 2 a\u00f1os.<br>Posibilidad para realizar pr\u00f3rrogas para conseguir el t\u00edtulo (sin superar nunca la duraci\u00f3n m\u00e1xima de 2 a\u00f1os).<br>Podr\u00e1 desarrollarse al amparo de un solo contrato de forma no continuada.<br>No podr\u00e1 establecerse periodo de prueba en estos contratos.<\/p>\n<\/div><\/div>\n\n\n\n<div class=\"wp-block-cover is-light\"><span aria-hidden=\"true\" class=\"wp-block-cover__background has-background-dim-100 has-background-dim\" style=\"background-color:#daa103\"><\/span><div class=\"wp-block-cover__inner-container is-layout-flow wp-block-cover-is-layout-flow\">\n<h4 class=\"has-text-align-center has-ast-global-color-5-color has-text-color wp-block-heading\" id=\"JORNADA\">DURACI\u00d3N DE LA JORNADA DE TRABAJO<\/h4>\n\n\n\n<p class=\"has-ast-global-color-5-color has-text-color\">El tiempo de trabajo efectivo no podr\u00e1 ser superior al 65% el primer a\u00f1o ni al 85% el segundo, de la jornada m\u00e1xima prevista en el convenio (40 horas a la semana habitualmente).<\/p>\n\n\n\n<ul class=\"has-ast-global-color-5-color has-text-color wp-block-list\"><li>La duraci\u00f3n m\u00e1xima efectiva no podr\u00e1 ser superior a 26 horas a la semana el primer a\u00f1o o 34 horas a la semana el segundo a\u00f1o.<\/li><\/ul>\n\n\n\n<ul class=\"has-ast-global-color-5-color has-text-color wp-block-list\"><li>Entre el final de una jornada y el comienzo de la siguiente mediar\u00e1n, como m\u00ednimo, 12 horas de descanso.<\/li><\/ul>\n\n\n\n<ul class=\"has-ast-global-color-5-color has-text-color wp-block-list\"><li>El n\u00famero de horas ordinarias de trabajo efectivo no podr\u00e1 ser superior a nueve diarias, salvo que por convenio colectivo o, en su defecto, acuerdo entre la empresa y los representantes de los trabajadores, se establezca otra distribuci\u00f3n.<\/li><\/ul>\n\n\n\n<p class=\"has-ast-global-color-5-color has-text-color\">A lo que hay que a\u00f1adir que, el trabajador no puede realizar horas extraordinarias, salvo los realizados para prevenir o reparar siniestros o da\u00f1os extraordinarios, ni horas complementarias en los contratos a tiempo parcial, y tampoco pueden realizar trabajo a turnos ni nocturnos (entre las diez de la noche y las seis de la ma\u00f1ana).<\/p>\n<\/div><\/div>\n\n\n\n<div class=\"wp-block-cover\"><span aria-hidden=\"true\" class=\"wp-block-cover__background has-ast-global-color-1-background-color has-background-dim-100 has-background-dim\"><\/span><div class=\"wp-block-cover__inner-container is-layout-flow wp-block-cover-is-layout-flow\">\n<h4 class=\"has-text-align-center has-ast-global-color-5-color has-text-color wp-block-heading\" id=\"SALARIO\">SALARIO<\/h4>\n\n\n\n<p class=\"has-text-align-center\">Seg\u00fan convenio colectivo y nunca inferior al Salario M\u00ednimo Interprofesional (SMI), pero solo en funci\u00f3n al tiempo de trabajo efectivo.<\/p>\n\n\n\n<div class=\"wp-block-columns is-layout-flex wp-container-core-columns-is-layout-28f84493 wp-block-columns-is-layout-flex\">\n<div class=\"wp-block-column is-layout-flow wp-block-column-is-layout-flow\">\n<div class=\"wp-block-cover\" style=\"min-height:130px;aspect-ratio:unset;\"><span aria-hidden=\"true\" class=\"wp-block-cover__background has-ast-global-color-8-background-color has-background-dim-100 has-background-dim\"><\/span><div class=\"wp-block-cover__inner-container is-layout-flow wp-block-cover-is-layout-flow\">\n<p>100% DE LA JORNADA<br>(40 h. semanales) 1000 \u20ac<\/p>\n\n\n\n<p class=\"has-small-font-size\">(Salario M\u00ednimo Interprofesional en 2022)<\/p>\n<\/div><\/div>\n<\/div>\n\n\n\n<div class=\"wp-block-column is-layout-flow wp-block-column-is-layout-flow\">\n<div class=\"wp-block-cover\" style=\"min-height:130px;aspect-ratio:unset;\"><span aria-hidden=\"true\" class=\"wp-block-cover__background has-ast-global-color-5-background-color has-background-dim-100 has-background-dim\"><\/span><div class=\"wp-block-cover__inner-container is-layout-flow wp-block-cover-is-layout-flow\">\n<p class=\"has-ast-global-color-6-color has-text-color\">65% DE LA JORNADA<br>(26 h. semanales) 650 \u20ac<\/p>\n\n\n\n<p class=\"has-ast-global-color-6-color has-text-color has-small-font-size\">(Tiempo estimado para el primer a\u00f1o)<\/p>\n<\/div><\/div>\n<\/div>\n\n\n\n<div class=\"wp-block-column is-layout-flow wp-block-column-is-layout-flow\">\n<div class=\"wp-block-cover\" style=\"min-height:130px;aspect-ratio:unset;\"><span aria-hidden=\"true\" class=\"wp-block-cover__background has-ast-global-color-8-background-color has-background-dim-100 has-background-dim\"><\/span><div class=\"wp-block-cover__inner-container is-layout-flow wp-block-cover-is-layout-flow\">\n<p>85% DE LA JORNADA<br>(34 h. semanales) 850 \u20ac<\/p>\n\n\n\n<p class=\"has-small-font-size\">(Tiempo estimado para el segundo a\u00f1o)<\/p>\n<\/div><\/div>\n<\/div>\n<\/div>\n\n\n\n<p class=\"has-text-align-center\">El Trabajador percibir\u00e1 la prestaci\u00f3n por desempleo y cobertura total de la Seguridad Social.<\/p>\n<\/div><\/div>\n\n\n\n<div class=\"wp-block-cover is-light\" style=\"min-height:127px;aspect-ratio:unset;\"><span aria-hidden=\"true\" class=\"wp-block-cover__background has-background-dim-100 has-background-dim\" style=\"background-color:#daa103\"><\/span><div class=\"wp-block-cover__inner-container is-layout-flow wp-block-cover-is-layout-flow\">\n<p style=\"text-align: center;\"><span style=\"color: #ffffff;\">Bonificaciones por transformaci\u00f3n en indefinido de 1500 \u20ac anuales (1800 \u20ac si es mujer) durante 3 a\u00f1os<\/span><\/p>\n<\/div><\/div>\n","protected":false},"excerpt":{"rendered":"","protected":false},"author":1,"featured_media":0,"parent":0,"menu_order":0,"comment_status":"closed","ping_status":"closed","template":"","meta":{"site-sidebar-layout":"default","site-content-layout":"","ast-site-content-layout":"default","site-content-style":"default","site-sidebar-style":"default","ast-global-header-display":"","ast-banner-title-visibility":"","ast-main-header-display":"","ast-hfb-above-header-display":"","ast-hfb-below-header-display":"","ast-hfb-mobile-header-display":"","site-post-title":"","ast-breadcrumbs-content":"","ast-featured-img":"","footer-sml-layout":"","ast-disable-related-posts":"","theme-transparent-header-meta":"","adv-header-id-meta":"","stick-header-meta":"","header-above-stick-meta":"","header-main-stick-meta":"","header-below-stick-meta":"","astra-migrate-meta-layouts":"default","ast-page-background-enabled":"default","ast-page-background-meta":{"desktop":{"background-color":"var(--ast-global-color-5)","background-image":"","background-repeat":"repeat","background-position":"center center","background-size":"auto","background-attachment":"scroll","background-type":"","background-media":"","overlay-type":"","overlay-color":"","overlay-opacity":"","overlay-gradient":""},"tablet":{"background-color":"","background-image":"","background-repeat":"repeat","background-position":"center center","background-size":"auto","background-attachment":"scroll","background-type":"","background-media":"","overlay-type":"","overlay-color":"","overlay-opacity":"","overlay-gradient":""},"mobile":{"background-color":"","background-image":"","background-repeat":"repeat","background-position":"center center","background-size":"auto","background-attachment":"scroll","background-type":"","background-media":"","overlay-type":"","overlay-color":"","overlay-opacity":"","overlay-gradient":""}},"ast-content-background-meta":{"desktop":{"background-color":"var(--ast-global-color-4)","background-image":"","background-repeat":"repeat","background-position":"center center","background-size":"auto","background-attachment":"scroll","background-type":"","background-media":"","overlay-type":"","overlay-color":"","overlay-opacity":"","overlay-gradient":""},"tablet":{"background-color":"var(--ast-global-color-4)","background-image":"","background-repeat":"repeat","background-position":"center center","background-size":"auto","background-attachment":"scroll","background-type":"","background-media":"","overlay-type":"","overlay-color":"","overlay-opacity":"","overlay-gradient":""},"mobile":{"background-color":"var(--ast-global-color-4)","background-image":"","background-repeat":"repeat","background-position":"center center","background-size":"auto","background-attachment":"scroll","background-type":"","background-media":"","overlay-type":"","overlay-color":"","overlay-opacity":"","overlay-gradient":""}},"footnotes":""},"class_list":["post-27910","page","type-page","status-publish","hentry"],"_links":{"self":[{"href":"https:\/\/recursing-dhawan.212-132-71-197.plesk.page\/index.php\/wp-json\/wp\/v2\/pages\/27910","targetHints":{"allow":["GET"]}}],"collection":[{"href":"https:\/\/recursing-dhawan.212-132-71-197.plesk.page\/index.php\/wp-json\/wp\/v2\/pages"}],"about":[{"href":"https:\/\/recursing-dhawan.212-132-71-197.plesk.page\/index.php\/wp-json\/wp\/v2\/types\/page"}],"author":[{"embeddable":true,"href":"https:\/\/recursing-dhawan.212-132-71-197.plesk.page\/index.php\/wp-json\/wp\/v2\/users\/1"}],"replies":[{"embeddable":true,"href":"https:\/\/recursing-dhawan.212-132-71-197.plesk.page\/index.php\/wp-json\/wp\/v2\/comments?post=27910"}],"version-history":[{"count":0,"href":"https:\/\/recursing-dhawan.212-132-71-197.plesk.page\/index.php\/wp-json\/wp\/v2\/pages\/27910\/revisions"}],"wp:attachment":[{"href":"https:\/\/recursing-dhawan.212-132-71-197.plesk.page\/index.php\/wp-json\/wp\/v2\/media?parent=27910"}],"curies":[{"name":"wp","href":"https:\/\/api.w.org\/{rel}","templated":true}]}}