{"id":27992,"date":"2022-07-22T09:47:21","date_gmt":"2022-07-22T09:47:21","guid":{"rendered":"https:\/\/www.deltapci.com\/?page_id=27992"},"modified":"2022-07-22T09:47:21","modified_gmt":"2022-07-22T09:47:21","slug":"el-contrato-de-encomienda","status":"publish","type":"page","link":"https:\/\/recursing-dhawan.212-132-71-197.plesk.page\/index.php\/el-contrato-de-encomienda\/","title":{"rendered":"El Contrato de Encomienda"},"content":{"rendered":"\n<p>Desde enero de 2018 es obligatorio que todas las organizaciones que quieran ser part\u00edcipes de la formaci\u00f3n programada, es decir, otorgar formaci\u00f3n a sus empleados a partir del cr\u00e9dito que les ofrece el Sistema de Formaci\u00f3n Profesional para el Empleo, firmen un contrato de encomienda o unas hojas de adhesi\u00f3n al contrato de encomienda basadas en la Ley 30\/2015 por las que se regula el <a href=\"https:\/\/www.sepe.es\/HomeSepe\/Personas\/formacion\/que-es-sistema-formacion-profesional-empleo.html\" target=\"_blank\" rel=\"noopener\">Sistema de Formaci\u00f3n Profesional para el Empleo y el Real Decreto 694\/2017<\/a>.<\/p>\n<p>En resumen, el contrato de encomienda es el encargado de regular la relaci\u00f3n entre las entidades que van a proporcionar formaci\u00f3n a sus empleados (TU EMPRESA) y la organizaci\u00f3n externa encargada de tramitar esa formaci\u00f3n (DELTA PC INFORM\u00c1TICA Y ELECTR\u00d3NICA S.L.).<\/p>\n<p>Este contrato debe inscribirse una vez que la empresa decida formar a sus trabajadores a trav\u00e9s de la formaci\u00f3n bonificada o programada y contrate a una organizaci\u00f3n externa encargada de tramitar y gestionar todos los tr\u00e1mites.<\/p>\n<p>\u00bfC\u00f3mo se lleva a cabo el contrato de encomienda?<\/p>\n<p>La encomienda de gesti\u00f3n se produce a trav\u00e9s del contrato de prestaci\u00f3n de los servicios de formaci\u00f3n de la empresa contratante(TU EMPRESA) a Delta PC, como Entidad Organizadora ante FUNDAE, pero con la peculiaridad de que ambas conserven sus propios aspectos jur\u00eddicos.<\/p>\n<p>Requisitos de las empresas contratantes de formaci\u00f3n programada<br \/>Los requisitos que deben cumplir las empresas que van ser beneficiadas de la formaci\u00f3n bonificada, son los siguientes:<\/p>\n<ul>\n<li>Mantenerse al d\u00eda en los pagos con Hacienda y la Seguridad Social.<\/li>\n<li>Justificar la asistencia del personal beneficiario de la formaci\u00f3n bonificada, ya sea de modo online, presencial o semipresencial.<\/li>\n<li>Que el personal cumplimente los documentos vinculados a los est\u00e1ndares de calidad.<\/li>\n<\/ul>\n<p>La organizaci\u00f3n a la que se le solicitan los servicios de tramitaci\u00f3n tambi\u00e9n posee obligaciones que debe cumplir para que ambas empresas puedan llegar a un acuerdo.<\/p>\n<p>Sus principales obligaciones son:<\/p>\n<ul>\n<li>Comunicar por el sistema electr\u00f3nico de FUNDAE, el inicio y fin de las acciones formativas a impartir.<\/li>\n<li>Evaluar a los empleados beneficiarios de la formaci\u00f3n programada.<\/li>\n<li>Escoger la formaci\u00f3n en funci\u00f3n del sector y las necesidades de la empresa contratante.<\/li>\n<li>Realizar todos los tr\u00e1mites que permitir\u00e1n a la empresa contratante beneficiarse de la formaci\u00f3n.<\/li>\n<\/ul>\n<p>Se puede desestimar el contrato de encomienda, por medio del desistimiento de este. El nuevo modelo de desistimiento del Contrato de Encomienda permite a partir de la firma del contrato renunciar a recibir los servicios de la entidad externa a la cual ten\u00eda encomendada la formaci\u00f3n.<\/p>\n","protected":false},"excerpt":{"rendered":"","protected":false},"author":1,"featured_media":0,"parent":0,"menu_order":0,"comment_status":"closed","ping_status":"closed","template":"","meta":{"site-sidebar-layout":"default","site-content-layout":"","ast-site-content-layout":"default","site-content-style":"default","site-sidebar-style":"default","ast-global-header-display":"","ast-banner-title-visibility":"","ast-main-header-display":"","ast-hfb-above-header-display":"","ast-hfb-below-header-display":"","ast-hfb-mobile-header-display":"","site-post-title":"","ast-breadcrumbs-content":"","ast-featured-img":"","footer-sml-layout":"","ast-disable-related-posts":"","theme-transparent-header-meta":"","adv-header-id-meta":"","stick-header-meta":"","header-above-stick-meta":"","header-main-stick-meta":"","header-below-stick-meta":"","astra-migrate-meta-layouts":"default","ast-page-background-enabled":"default","ast-page-background-meta":{"desktop":{"background-color":"var(--ast-global-color-5)","background-image":"","background-repeat":"repeat","background-position":"center center","background-size":"auto","background-attachment":"scroll","background-type":"","background-media":"","overlay-type":"","overlay-color":"","overlay-opacity":"","overlay-gradient":""},"tablet":{"background-color":"","background-image":"","background-repeat":"repeat","background-position":"center center","background-size":"auto","background-attachment":"scroll","background-type":"","background-media":"","overlay-type":"","overlay-color":"","overlay-opacity":"","overlay-gradient":""},"mobile":{"background-color":"","background-image":"","background-repeat":"repeat","background-position":"center center","background-size":"auto","background-attachment":"scroll","background-type":"","background-media":"","overlay-type":"","overlay-color":"","overlay-opacity":"","overlay-gradient":""}},"ast-content-background-meta":{"desktop":{"background-color":"var(--ast-global-color-4)","background-image":"","background-repeat":"repeat","background-position":"center center","background-size":"auto","background-attachment":"scroll","background-type":"","background-media":"","overlay-type":"","overlay-color":"","overlay-opacity":"","overlay-gradient":""},"tablet":{"background-color":"var(--ast-global-color-4)","background-image":"","background-repeat":"repeat","background-position":"center center","background-size":"auto","background-attachment":"scroll","background-type":"","background-media":"","overlay-type":"","overlay-color":"","overlay-opacity":"","overlay-gradient":""},"mobile":{"background-color":"var(--ast-global-color-4)","background-image":"","background-repeat":"repeat","background-position":"center center","background-size":"auto","background-attachment":"scroll","background-type":"","background-media":"","overlay-type":"","overlay-color":"","overlay-opacity":"","overlay-gradient":""}},"footnotes":""},"class_list":["post-27992","page","type-page","status-publish","hentry"],"_links":{"self":[{"href":"https:\/\/recursing-dhawan.212-132-71-197.plesk.page\/index.php\/wp-json\/wp\/v2\/pages\/27992","targetHints":{"allow":["GET"]}}],"collection":[{"href":"https:\/\/recursing-dhawan.212-132-71-197.plesk.page\/index.php\/wp-json\/wp\/v2\/pages"}],"about":[{"href":"https:\/\/recursing-dhawan.212-132-71-197.plesk.page\/index.php\/wp-json\/wp\/v2\/types\/page"}],"author":[{"embeddable":true,"href":"https:\/\/recursing-dhawan.212-132-71-197.plesk.page\/index.php\/wp-json\/wp\/v2\/users\/1"}],"replies":[{"embeddable":true,"href":"https:\/\/recursing-dhawan.212-132-71-197.plesk.page\/index.php\/wp-json\/wp\/v2\/comments?post=27992"}],"version-history":[{"count":0,"href":"https:\/\/recursing-dhawan.212-132-71-197.plesk.page\/index.php\/wp-json\/wp\/v2\/pages\/27992\/revisions"}],"wp:attachment":[{"href":"https:\/\/recursing-dhawan.212-132-71-197.plesk.page\/index.php\/wp-json\/wp\/v2\/media?parent=27992"}],"curies":[{"name":"wp","href":"https:\/\/api.w.org\/{rel}","templated":true}]}}