{"id":28127,"date":"2022-07-28T16:16:14","date_gmt":"2022-07-28T16:16:14","guid":{"rendered":"https:\/\/www.deltapci.com\/?page_id=28127"},"modified":"2022-07-28T16:16:14","modified_gmt":"2022-07-28T16:16:14","slug":"formacion-profesional","status":"publish","type":"page","link":"https:\/\/recursing-dhawan.212-132-71-197.plesk.page\/index.php\/formacion-profesional\/","title":{"rendered":"Formaci\u00f3n Profesional"},"content":{"rendered":"\n<h2 class=\"wp-block-heading\">Preparaci\u00f3n Pruebas Libres y FP Distancia<\/h2>\n\n\n\n<p class=\"has-text-align-center has-ast-global-color-4-color has-text-color has-background\" style=\"background-color:#1e5d03\">Ofrecemos la mejor formaci\u00f3n para superar las pruebas libres que dan acceso al&nbsp;<strong>T\u00edtulo Oficial de Formaci\u00f3n Profesional de Grado Medio o Superior<\/strong> y tambi\u00e9n Ofrecemos el realizar el ciclo Completo a Distancia en colaboraci\u00f3n con ILERNA ONLINE (Centro oficial inscrito en el registro estatal COD:25002775)<\/p>\n\n\n\n<div class=\"wp-block-columns is-layout-flex wp-container-core-columns-is-layout-28f84493 wp-block-columns-is-layout-flex\">\n<div class=\"wp-block-column is-layout-flow wp-block-column-is-layout-flow\" style=\"flex-basis:33.33%\">\n<figure class=\"wp-block-image size-large is-resized\"><img loading=\"lazy\" decoding=\"async\" src=\"https:\/\/recursing-dhawan.212-132-71-197.plesk.page\/wp-content\/uploads\/2022\/07\/desarrolloweb-1024x587.jpg\" alt=\"\" class=\"wp-image-28130\" width=\"189\" height=\"109\"\/><\/figure>\n\n\n\n<p>Sistemas inform\u00e1ticos<br>Programaci\u00f3n<br>Bases de datos<br>Lenguajes de marcas y sistemas de gesti\u00f3n de informaci\u00f3n<br>Entornos de desarrollo<br>Desarrollo Web en entorno cliente<br>Desarrollo web en entorno servidor<br>Dise\u00f1o de interfaces WEB<br>Formaci\u00f3n y orientaci\u00f3n laboral<br>Empresa e iniciativa emprendedora<br>Formaci\u00f3n en centros de trabajo (FCT)<\/p>\n<\/div>\n\n\n\n<div class=\"wp-block-column is-layout-flow wp-block-column-is-layout-flow\" style=\"flex-basis:66.66%\">\n<p class=\"has-medium-font-size\">Ciclo Formativo FP DAW<br>La demanda de T\u00e9cnicos Superiores en Desarrollo de Aplicaciones Web est\u00e1 creciendo a pasos agigantados debido a la necesidad que tienen las empresas de mostrarse en Internet. De hecho, este tipo de profesionales son los m\u00e1s buscados en el sector de la Inform\u00e1tica y Comunicaciones.<\/p>\n\n\n\n<p class=\"has-medium-font-size\">Las empresas para las que puede trabajar un T\u00e9cnico Superior en Desarrollo de Aplicaciones Web pueden provenir de cualquier sector, no solo del sector inform\u00e1tico.<\/p>\n\n\n\n<p class=\"has-medium-font-size\">Las funciones pueden variar entre programadores y dise\u00f1adores web, gestores del acceso a bases de datos para entornos web, programadores web freelance, programadores full-stack, etc.<\/p>\n<\/div>\n<\/div>\n\n\n\n<h2 class=\"wp-block-heading has-ast-global-color-4-color has-text-color has-background\" style=\"background-color:#1e5d03\">T\u00c9CNICO SUPERIOR<br>Desarrollo de Aplicaciones Web a distancia<\/h2>\n\n\n\n<h2 class=\"wp-block-heading has-text-align-center has-luminous-vivid-orange-background-color has-background\">\u00a1PLAZAS LIMITADAS!<br>Inicio de las clases: septiembre de 2023<\/h2>\n\n\n\n<div class=\"wp-block-uagb-tabs uagb-block-b599029a uagb-tabs__wrap uagb-tabs__hstyle3-desktop uagb-tabs__vstyle6-tablet uagb-tabs__vstyle6-mobile\" data-tab-active=\"0\"><ul class=\"uagb-tabs__panel uagb-tabs__align-left\" role=\"tablist\"><li class=\"uagb-tab uagb-tabs__active\" role=\"none\"><a href=\"\/#uagb-tabs__tab0\" class=\"uagb-tabs-list uagb-tabs__icon-position-left\" data-tab=\"0\" role=\"tab\">M\u00f3dulos por Semestres<\/a><\/li><li class=\"uagb-tab \" role=\"none\"><a href=\"\/#uagb-tabs__tab1\" class=\"uagb-tabs-list uagb-tabs__icon-position-left\" data-tab=\"1\" role=\"tab\">Examen<\/a><\/li><li class=\"uagb-tab \" role=\"none\"><a href=\"\/#uagb-tabs__tab2\" class=\"uagb-tabs-list uagb-tabs__icon-position-left\" data-tab=\"2\" role=\"tab\">Requisitos<\/a><\/li><\/ul><div class=\"uagb-tabs__body-wrap\">\n<div class=\"wp-block-uagb-tabs-child uagb-tabs__body-container uagb-inner-tab-0 uagb-tabs__inner-tab\" aria-labelledby=\"uagb-tabs__tab0\">\n<div class=\"wp-block-uagb-tabs uagb-block-d5d2b128 uagb-tabs__wrap uagb-tabs__hstyle1-desktop uagb-tabs__vstyle6-tablet uagb-tabs__stack1-mobile\" data-tab-active=\"0\"><ul class=\"uagb-tabs__panel uagb-tabs__align-left\" role=\"tablist\"><li class=\"uagb-tab uagb-tabs__active\" role=\"none\"><a href=\"\/#uagb-tabs__tab0\" class=\"uagb-tabs-list uagb-tabs__icon-position-left\" data-tab=\"0\" role=\"tab\">Semestre 1<\/a><\/li><li class=\"uagb-tab \" role=\"none\"><a href=\"\/#uagb-tabs__tab1\" class=\"uagb-tabs-list uagb-tabs__icon-position-left\" data-tab=\"1\" role=\"tab\">Semestre 2<\/a><\/li><li class=\"uagb-tab \" role=\"none\"><a href=\"\/#uagb-tabs__tab2\" class=\"uagb-tabs-list uagb-tabs__icon-position-left\" data-tab=\"2\" role=\"tab\">Semestre 3<\/a><\/li><li class=\"uagb-tab \" role=\"none\"><a href=\"\/#uagb-tabs__tab3\" class=\"uagb-tabs-list uagb-tabs__icon-position-left\" data-tab=\"3\" role=\"tab\">Semestre 4<\/a><\/li><\/ul><div class=\"uagb-tabs__body-wrap\">\n<div class=\"wp-block-uagb-tabs-child uagb-tabs__body-container uagb-inner-tab-0\" aria-labelledby=\"uagb-tabs__tab0\">\n<p>M01: Sistemas inform\u00e1ticos<br>En este m\u00f3dulo aprender\u00e1s a instalar diferentes servidores, todos ellos en m\u00e1quina virtual, y a crear dominios, configurando los servidores y los clientes. En la parte de administraci\u00f3n de dominios, ver\u00e1s c\u00f3mo crear im\u00e1genes y backups de los equipos de nuestro dominio y tambi\u00e9n aprender\u00e1s a administrarlos remotamente y, c\u00f3mo no, a crear la documentaci\u00f3n t\u00e9cnica necesaria.<\/p>\n\n\n\n<p>Precio: 199\u20ac<\/p>\n\n\n\n<p>M02A: Bases de datos (Bloque A)<br>En este m\u00f3dulo conocer\u00e1s los elementos de las bases de datos y dise\u00f1ar\u00e1s modelos l\u00f3gicos normalizados interpretando diagramas entidad\/relaci\u00f3n. Tambi\u00e9n consultar\u00e1s y modificar\u00e1s la informaci\u00f3n almacenada en una base de datos utilizando asistentes, herramientas gr\u00e1ficas y el lenguaje de manipulaci\u00f3n de datos y realizar\u00e1s el dise\u00f1o f\u00edsico de bases de datos utilizando asistentes, herramientas gr\u00e1ficas y el lenguaje de definici\u00f3n de datos.<\/p>\n\n\n\n<p>Precio: 199\u20ac<\/p>\n\n\n\n<p>M03A: Programaci\u00f3n (Bloque A)<br>Este es el m\u00f3dulo introductorio a Programaci\u00f3n. Es sumamente importante dado que muchos de los otros m\u00f3dulos dan por sabidos los conceptos que aqu\u00ed se ense\u00f1an. En \u00e9l aprender\u00e1s a plantear los problemas y aprender las estructuras b\u00e1sicas de programaci\u00f3n, tales como condicionales, bucles, arrays, funciones y ficheros. El m\u00f3dulo se inicia resolviendo problemas en pseudoc\u00f3digo, para luego centrarse en aprender y en resolver los problemas en el lenguaje de programaci\u00f3n C#, bajo la plataforma Microsoft Visual Studio Express.<\/p>\n\n\n\n<p>Precio: 199\u20ac<\/p>\n<\/div>\n\n\n\n<div class=\"wp-block-uagb-tabs-child uagb-tabs__body-container uagb-inner-tab-1\" aria-labelledby=\"uagb-tabs__tab1\">\n<p>M02B: Bases de datos (Bloque B)<br>En este m\u00f3dulo aprender\u00e1s a implantar m\u00e9todos de control de acceso, desarrollar\u00e1s procedimientos almacenados, evaluando y utilizando las sentencias del lenguaje incorporado en el sistema gestor de bases de datos corporativo. Tambi\u00e9n aprender\u00e1s a administrar la informaci\u00f3n almacenada en bases de datos objeto-relacional, evaluando y utilizando las posibilidades que proporciona el sistema gestor.<\/p>\n\n\n\n<p>Precio: 199\u20ac<\/p>\n\n\n\n<p>M03B: Programaci\u00f3n orientada a objetos (Bloque B)<br>En este m\u00f3dulo aprender\u00e1s a escribir y probar programas sencillos, a desarrollar programas organizados en clases analizando y aplicando los principios de la programaci\u00f3n orientada a objetos. Tambi\u00e9n aprender\u00e1s a gestionar los errores que pueden aparecer en los programas, a desarrollar interfaces gr\u00e1ficas de usuario simples y a realizar operaciones b\u00e1sicas de entrada\/salida de informaci\u00f3n. En su \u00faltima Unidad Formativa habr\u00e1s aprendido a gestionar informaci\u00f3n almacenada en bases de datos y a utilizar bases de datos orientadas a objetos.<\/p>\n\n\n\n<p>Precio: 199\u20ac<\/p>\n\n\n\n<p>M04: Lenguajes de marcas y sistemas de gesti\u00f3n de informaci\u00f3n<br>En este m\u00f3dulo aprender\u00e1s a distinguir los distintos lenguajes de marcado, as\u00ed como a realizar un uso b\u00e1sico de algunos de ellos. Tambi\u00e9n trabajar\u00e1s documentos mediante lenguajes de consulta y almacenamiento XML. Por otro lado, conocer\u00e1s el uso de la sindicaci\u00f3n de contenidos y de los Sistemas de Gesti\u00f3n de Informaci\u00f3n (ERP).<\/p>\n\n\n\n<p>Precio: 99\u20ac<\/p>\n\n\n\n<p>M05: Entornos de desarrollo<br>En este m\u00f3dulo aprender\u00e1s a reconocer los elementos y las herramientas que intervienen en el desarrollo de un programa inform\u00e1tico y a evaluar entornos de desarrollo integrado analizando sus caracter\u00edsticas para editar c\u00f3digo fuente y generar ejecutable. Tambi\u00e9n sabr\u00e1s verificar el funcionamiento de programas y optimizar el c\u00f3digo utilizando herramientas disponibles en el entorno de desarrollo. En su \u00faltima Unidad Formativa introducir\u00e1s el lenguaje UML, donde generar\u00e1s diagramas de clases valorando su importancia en el desarrollo de aplicaciones y empleando las herramientas disponibles en el entorno.<\/p>\n\n\n\n<p>Precio: 99\u20ac<\/p>\n\n\n\n<p>M10: Formaci\u00f3n y orientaci\u00f3n laboral<br>En este m\u00f3dulo aprender\u00e1s los conceptos b\u00e1sicos del marco legal del trabajo y, en especial, todo lo referente a la distinci\u00f3n de los derechos y obligaciones que se derivan de las relaciones laborales, incluyendo el acceso al mercado laboral y la regulaci\u00f3n de las relaciones contractuales. Tambi\u00e9n profundizar\u00e1s en aspectos sobre la prevenci\u00f3n de riesgos laborales.<\/p>\n\n\n\n<p>Precio 99\u20ac<\/p>\n<\/div>\n\n\n\n<div class=\"wp-block-uagb-tabs-child uagb-tabs__body-container uagb-inner-tab-2\" aria-labelledby=\"uagb-tabs__tab2\">\n<p>M06: Desarrollo web en entorno cliente<br>En este m\u00f3dulo trabajar\u00e1s diferentes lenguajes web, que ejecutar\u00e1s en entorno de cliente (navegador web). Estas tecnolog\u00edas son utilizadas para ofrecer un mayor rendimiento, velocidad y agilidad en los entornos web. Por otro lado, ver\u00e1s la comunicaci\u00f3n as\u00edncrona de los lenguajes de entorno cliente y utilizar\u00e1s librer\u00edas (jQuery, Ajax) para obtener m\u00e1s funcionalidades del lenguaje.<\/p>\n<p>Precio: 199\u20ac<\/p>\n<p>M07: Desarrollo web en entorno servidor<br>En este m\u00f3dulo estudiar\u00e1s el desarrollo de las aplicaciones web dentro del lado del servidor. El lenguaje en el que trabajar\u00e1s ser\u00e1 a escoger entre PHP (preferiblemente), ASP.net o JSP. La finalidad, evidentemente, ser\u00e1 la creaci\u00f3n de webs din\u00e1micas, por lo que aprender\u00e1s SQL, conexi\u00f3n a bases de datos. Tambi\u00e9n, ver\u00e1s un poco de CSS, formularios, validaci\u00f3n de datos, XML, etc.<\/p>\n<p>Precio: 199\u20ac<\/p>\n<p>M08: Despliegue de aplicaciones web<br>En este m\u00f3dulo conseguir\u00e1s los conocimientos para desempe\u00f1ar la funci\u00f3n de despliegue de aplicaciones web en un servidor e incluye aspectos como los procesos de implantaci\u00f3n de aplicaciones web en servidores de aplicaciones, la identificaci\u00f3n de los par\u00e1metros de configuraci\u00f3n de los servicios de red implicados en el despliegue seguro de aplicaciones web, los procesos de instalaci\u00f3n, configuraci\u00f3n y uso de herramientas de control de versiones, la elaboraci\u00f3n de documentaci\u00f3n relativa a la aplicaci\u00f3n web utilizando herramientas de generaci\u00f3n de documentaci\u00f3n y la evaluaci\u00f3n de los recursos y requerimientos t\u00e9cnicos necesarios para la implantaci\u00f3n de aplicaciones web.<\/p>\n<p>Precio: 99\u20ac<\/p>\n<p>M09: Dise\u00f1o de interfaces web<br>En este m\u00f3dulo trabajar\u00e1s, sobre todo, con HTML y CSS. Su objetivo es una buena web, es decir, dominar perfectamente estas dos tecnolog\u00edas para crear webs usables y accesibles. En su \u00faltima Unidad Formativa aprender\u00e1s las herramientas de Usabilidad y Accesibilidad que necesitar\u00e1s. Para un mayor manejo de dise\u00f1o de p\u00e1ginas web, tambi\u00e9n trabajar\u00e1s con elementos multimedia y JavaScript, sobre todo con la librer\u00eda JQuery.<\/p>\n<p>Precio: 99\u20ac<\/p>\n<\/div>\n\n\n\n<div class=\"wp-block-uagb-tabs-child uagb-tabs__body-container uagb-inner-tab-3\" aria-labelledby=\"uagb-tabs__tab3\">\n<p>M11: Empresa e iniciativa emprendedora<br>En este m\u00f3dulo adquirir\u00e1s una visi\u00f3n global del mundo empresarial, as\u00ed como de todo lo que se debe saber para iniciar la aventura de la emprendedor\u00eda y la puesta en marcha de una empresa.<\/p>\n\n\n\n<p>Precio: 99\u20ac<\/p>\n\n\n\n<p>M12: Proyecto de desarrollo de aplicaciones web<br>El objetivo de este m\u00f3dulo es integrar todos los contenidos impartidos a lo largo del ciclo formativo, as\u00ed como asentar los diferentes lenguajes web estudiados. Ser\u00e1 el momento de demostrar que has adquirido las competencias desarrolladas a lo largo de la formaci\u00f3n.<\/p>\n\n\n\n<p>Precio: 199\u20ac<\/p>\n\n\n\n<p>M13: Formaci\u00f3n en centros de trabajo (FCT)<br>En el m\u00f3dulo de Formaci\u00f3n en Centros de Trabajo se desarrollar\u00e1n las pr\u00e1cticas en empresa. Pon en pr\u00e1ctica todo lo aprendido en un entorno real de trabajo desempe\u00f1ando tareas propias del ciclo en una empresa del sector.<\/p>\n\n\n\n<p>Precio: 149\u20ac<\/p>\n<\/div>\n<\/div><\/div>\n<\/div>\n\n\n\n<div class=\"wp-block-uagb-tabs-child uagb-tabs__body-container uagb-inner-tab-1 uagb-tabs__inner-tab\" aria-labelledby=\"uagb-tabs__tab1\">\n<p>Estructura de las pruebas<br>Ejercicios te\u00f3ricos y pr\u00e1cticos<br>Las pruebas incluyen ejercicios te\u00f3ricos y pr\u00e1cticos para eviendenciar que el alumnado matriculado ha alcanzado los distintos resultados de aprendizaje o capacidades terminales y las competencias asociadas a cada m\u00f3dulo profesional.<\/p>\n\n\n\n<p>Pruebas<br>Se elaborar\u00e1 una prueba para cada uno de los m\u00f3dulos profesionales. En algunos casos, se podr\u00e1 dividir la prueba en varias partes que podr\u00e1n realizarse en d\u00edas diferentes y puede ser necesario haber superado el contenido de la parte anterior para realizar la siguiente.<\/p>\n\n\n\n<p>Contenidos<br>Los contenidos se referir\u00e1n a los curr\u00edculos o planes de estudios de los ciclos formativos implantados en la Comunidad de Madrid y sus respectivas competencias profesionales.<\/p>\n<\/div>\n\n\n\n<div class=\"wp-block-uagb-tabs-child uagb-tabs__body-container uagb-inner-tab-2 uagb-tabs__inner-tab\" aria-labelledby=\"uagb-tabs__tab2\">\n<p> Tener al menos, dieciocho a\u00f1os de edad para las pruebas de los t\u00edtulos de T\u00e9cnico<br>de Formaci\u00f3n Profesional y veinte a\u00f1os para las de T\u00e9cnico Superior de Formaci\u00f3n Profesional o, en su caso, diecinueve a\u00f1os para aqu\u00e9llos que est\u00e9n en posesi\u00f3n del t\u00edtulo de T\u00e9cnico<\/p>\n\n\n\n<p> Para los t\u00edtulos de T\u00e9cnico Superior de formaci\u00f3n profesional:<br>\u2014 Estar en posesi\u00f3n del T\u00edtulo de Bachiller determinado en la Ley Org\u00e1nica<br>2\/2006, de 3 de mayo.<br>\u2014 Estar en posesi\u00f3n del T\u00edtulo de Bachiller establecido en la Ley Org\u00e1nica<br>1\/1990, de 3 de octubre.<br>\u2014 Estar en posesi\u00f3n del T\u00edtulo de Bachiller Unificado y Polivalente.<br>\u2014 Estar en posesi\u00f3n del T\u00edtulo de T\u00e9cnico Especialista, T\u00e9cnico Superior de<br>Formaci\u00f3n Profesional o equivalente a efectos acad\u00e9micos.<br>\u2014 Estar en posesi\u00f3n del T\u00edtulo de T\u00e9cnico de Formaci\u00f3n Profesional.<br>\u2014 Estar en posesi\u00f3n del t\u00edtulo de T\u00e9cnico de Artes Pl\u00e1sticas y Dise\u00f1o.<br>\u2014 Haber superado el segundo curso de cualquier modalidad de Bachillerato<br>Experimental.<br>\u2014 Haber superado el Curso de Orientaci\u00f3n Universitaria o el Preuniversitario.<br>\u2014 Estar en posesi\u00f3n de una titulaci\u00f3n universitaria o equivalente.<br>\u2014 Estar en posesi\u00f3n del t\u00edtulo de Maestro o Maestra de Ense\u00f1anza Primaria.<br>\u2014 Haber superado la prueba de acceso a ciclos formativos de grado superior.<br>\u2014 Haber superado el curso de formaci\u00f3n espec\u00edfico para el acceso a ciclos<br>formativos de grado superior en centros p\u00fablicos o privados autorizados<br>por una Administraci\u00f3n educativa.<br>\u2014 Haber superado la prueba de acceso a la universidad para mayores de<br>veinticinco a\u00f1os.<\/p>\n<\/div>\n\n\n\n<div class=\"wp-block-uagb-tabs-child uagb-tabs__body-container uagb-inner-tab-3 uagb-tabs__inner-tab uagb-inner-tab-0\" aria-labelledby=\"uagb-tabs__tab3\">\n<div class=\"wp-block-uagb-tabs uagb-block-3f6966a5 uagb-tabs__wrap uagb-tabs__hstyle1-desktop uagb-tabs__vstyle6-tablet uagb-tabs__vstyle6-mobile\" data-tab-active=\"0\"><ul class=\"uagb-tabs__panel uagb-tabs__align-left\" role=\"tablist\"><li class=\"uagb-tab uagb-tabs__active\" role=\"none\"><a href=\"\/#uagb-tabs__tab0\" class=\"uagb-tabs-list uagb-tabs__icon-position-left\" data-tab=\"0\" role=\"tab\">1 Semestre<\/a><\/li><li class=\"uagb-tab \" role=\"none\"><a href=\"\/#uagb-tabs__tab1\" class=\"uagb-tabs-list uagb-tabs__icon-position-left\" data-tab=\"1\" role=\"tab\">2 Semestre<\/a><\/li><li class=\"uagb-tab \" role=\"none\"><a href=\"\/#uagb-tabs__tab2\" class=\"uagb-tabs-list uagb-tabs__icon-position-left\" data-tab=\"2\" role=\"tab\">3 Semestre<\/a><\/li><li class=\"uagb-tab \" role=\"none\"><a href=\"\/#uagb-tabs__tab3\" class=\"uagb-tabs-list uagb-tabs__icon-position-left\" data-tab=\"3\" role=\"tab\">4 Semestre<\/a><\/li><\/ul><div class=\"uagb-tabs__body-wrap\">\n<div class=\"wp-block-uagb-tabs-child uagb-tabs__body-container uagb-inner-tab-0 uagb-tabs__inner-tab\" aria-labelledby=\"uagb-tabs__tab0\">\n<p>M01: Sistemas inform\u00e1ticos<\/p>\n\n\n\n<p>M02A: Bases de datos (Bloque A)<\/p>\n\n\n\n<p>M03A: Programaci\u00f3n (Bloque A)<\/p>\n<\/div>\n\n\n\n<div class=\"wp-block-uagb-tabs-child uagb-tabs__body-container uagb-inner-tab-1 uagb-tabs__inner-tab\" aria-labelledby=\"uagb-tabs__tab1\">\n<p>M02B: Bases de datos (Bloque B)<\/p>\n\n\n\n<p>M03B: Programaci\u00f3n orientada a objetos (Bloque B)<\/p>\n\n\n\n<p>M04: Lenguajes de marcas y sistemas de gesti\u00f3n de informaci\u00f3n<\/p>\n\n\n\n<p>M05: Entornos de desarrollo<\/p>\n\n\n\n<p>M10: Formaci\u00f3n y orientaci\u00f3n laboral<\/p>\n<\/div>\n\n\n\n<div class=\"wp-block-uagb-tabs-child uagb-tabs__body-container uagb-inner-tab-2 uagb-tabs__inner-tab\" aria-labelledby=\"uagb-tabs__tab2\">\n<p>M06: Desarrollo web en entorno cliente<\/p>\n\n\n\n<p>M07: Desarrollo web en entorno servidor<\/p>\n\n\n\n<p>M08: Despliegue de aplicaciones web<\/p>\n\n\n\n<p>M09: Dise\u00f1o de interfaces web<\/p>\n<\/div>\n\n\n\n<div class=\"wp-block-uagb-tabs-child uagb-tabs__body-container uagb-inner-tab-3 uagb-tabs__inner-tab\" aria-labelledby=\"uagb-tabs__tab3\">\n<p>M11: Empresa e iniciativa emprendedora<\/p>\n\n\n\n<p>M12: Proyecto de desarrollo de aplicaciones web<\/p>\n\n\n\n<p>M13: Formaci\u00f3n en centros de trabajo (FCT)<\/p>\n<\/div>\n<\/div><\/div>\n<\/div>\n<\/div><\/div>\n\n\n\n<h2 class=\"wp-block-heading has-ast-global-color-5-color has-text-color has-background has-medium-font-size\" style=\"background-color:#1e5d03\">Titulaci\u00f3n oficial: Obtendr\u00e1s un t\u00edtulo 100% oficial y v\u00e1lido en toda Espa\u00f1a.<\/h2>\n\n\n\n<h2 class=\"wp-block-heading has-ast-global-color-5-color has-text-color has-background has-medium-font-size\" style=\"background-color:#1e5d03\">Matr\u00edcula semestral: Matric\u00falate de forma semestral y adaptada a tus necesidades.<\/h2>\n\n\n\n<h2 class=\"wp-block-heading has-ast-global-color-5-color has-text-color has-background has-medium-font-size\" style=\"background-color:#1e5d03\">Video-tutor\u00edas semanales y material did\u00e1ctico digital incluidos.<\/h2>\n\n\n\n<h2 class=\"wp-block-heading has-ast-global-color-5-color has-text-color has-background has-medium-font-size\" style=\"background-color:#1e5d03\">Carga lectiva: Esta FP consta de 2.000 horas.<\/h2>\n\n\n\n<h2 class=\"wp-block-heading has-ast-global-color-5-color has-text-color has-background has-medium-font-size\" style=\"background-color:#1e5d03\">Ex\u00e1menes en Ourense<\/h2>\n","protected":false},"excerpt":{"rendered":"<p>Preparaci\u00f3n Pruebas Libres y FP Distancia Ofrecemos la mejor formaci\u00f3n para superar las pruebas libres que dan acceso al&nbsp;T\u00edtulo Oficial [&hellip;]<\/p>\n","protected":false},"author":1,"featured_media":0,"parent":0,"menu_order":0,"comment_status":"closed","ping_status":"closed","template":"","meta":{"site-sidebar-layout":"default","site-content-layout":"","ast-site-content-layout":"default","site-content-style":"default","site-sidebar-style":"default","ast-global-header-display":"","ast-banner-title-visibility":"","ast-main-header-display":"","ast-hfb-above-header-display":"","ast-hfb-below-header-display":"","ast-hfb-mobile-header-display":"","site-post-title":"","ast-breadcrumbs-content":"","ast-featured-img":"","footer-sml-layout":"","ast-disable-related-posts":"","theme-transparent-header-meta":"","adv-header-id-meta":"","stick-header-meta":"","header-above-stick-meta":"","header-main-stick-meta":"","header-below-stick-meta":"","astra-migrate-meta-layouts":"default","ast-page-background-enabled":"default","ast-page-background-meta":{"desktop":{"background-color":"var(--ast-global-color-5)","background-image":"","background-repeat":"repeat","background-position":"center center","background-size":"auto","background-attachment":"scroll","background-type":"","background-media":"","overlay-type":"","overlay-color":"","overlay-opacity":"","overlay-gradient":""},"tablet":{"background-color":"","background-image":"","background-repeat":"repeat","background-position":"center center","background-size":"auto","background-attachment":"scroll","background-type":"","background-media":"","overlay-type":"","overlay-color":"","overlay-opacity":"","overlay-gradient":""},"mobile":{"background-color":"","background-image":"","background-repeat":"repeat","background-position":"center center","background-size":"auto","background-attachment":"scroll","background-type":"","background-media":"","overlay-type":"","overlay-color":"","overlay-opacity":"","overlay-gradient":""}},"ast-content-background-meta":{"desktop":{"background-color":"var(--ast-global-color-4)","background-image":"","background-repeat":"repeat","background-position":"center center","background-size":"auto","background-attachment":"scroll","background-type":"","background-media":"","overlay-type":"","overlay-color":"","overlay-opacity":"","overlay-gradient":""},"tablet":{"background-color":"var(--ast-global-color-4)","background-image":"","background-repeat":"repeat","background-position":"center center","background-size":"auto","background-attachment":"scroll","background-type":"","background-media":"","overlay-type":"","overlay-color":"","overlay-opacity":"","overlay-gradient":""},"mobile":{"background-color":"var(--ast-global-color-4)","background-image":"","background-repeat":"repeat","background-position":"center center","background-size":"auto","background-attachment":"scroll","background-type":"","background-media":"","overlay-type":"","overlay-color":"","overlay-opacity":"","overlay-gradient":""}},"footnotes":""},"class_list":["post-28127","page","type-page","status-publish","hentry"],"_links":{"self":[{"href":"https:\/\/recursing-dhawan.212-132-71-197.plesk.page\/index.php\/wp-json\/wp\/v2\/pages\/28127","targetHints":{"allow":["GET"]}}],"collection":[{"href":"https:\/\/recursing-dhawan.212-132-71-197.plesk.page\/index.php\/wp-json\/wp\/v2\/pages"}],"about":[{"href":"https:\/\/recursing-dhawan.212-132-71-197.plesk.page\/index.php\/wp-json\/wp\/v2\/types\/page"}],"author":[{"embeddable":true,"href":"https:\/\/recursing-dhawan.212-132-71-197.plesk.page\/index.php\/wp-json\/wp\/v2\/users\/1"}],"replies":[{"embeddable":true,"href":"https:\/\/recursing-dhawan.212-132-71-197.plesk.page\/index.php\/wp-json\/wp\/v2\/comments?post=28127"}],"version-history":[{"count":0,"href":"https:\/\/recursing-dhawan.212-132-71-197.plesk.page\/index.php\/wp-json\/wp\/v2\/pages\/28127\/revisions"}],"wp:attachment":[{"href":"https:\/\/recursing-dhawan.212-132-71-197.plesk.page\/index.php\/wp-json\/wp\/v2\/media?parent=28127"}],"curies":[{"name":"wp","href":"https:\/\/api.w.org\/{rel}","templated":true}]}}