{"id":34252,"date":"2023-09-07T08:02:38","date_gmt":"2023-09-07T08:02:38","guid":{"rendered":"https:\/\/www.deltapci.com\/?page_id=34252"},"modified":"2023-09-07T08:02:38","modified_gmt":"2023-09-07T08:02:38","slug":"planes-de-formacion-hosteleria","status":"publish","type":"page","link":"https:\/\/recursing-dhawan.212-132-71-197.plesk.page\/index.php\/planes-de-formacion-hosteleria\/","title":{"rendered":"Planes de Formaci\u00f3n Hosteler\u00eda"},"content":{"rendered":"\n\n\n<section class=\"wp-block-uagb-columns uagb-columns__wrap uagb-columns__background-color uagb-columns__stack-mobile uagb-columns__valign- uagb-columns__gap-10 align uagb-block-7373f39a uagb-columns__columns-2 uagb-columns__max_width-theme\"><div class=\"uagb-columns__overlay\"><\/div><div class=\"uagb-columns__inner-wrap uagb-columns__columns-2\">\n<div class=\"wp-block-uagb-column uagb-column__wrap uagb-column__background-undefined uagb-block-f7372585\"><div class=\"uagb-column__overlay\"><\/div>\n<figure class=\"wp-block-image aligncenter size-large\"><img decoding=\"async\" src=\"https:\/\/recursing-dhawan.212-132-71-197.plesk.page\/wp-content\/uploads\/2023\/09\/cafe-bar-4602458_1280-768x1024.jpg\" alt=\"\" class=\"wp-image-34253\" style=\"object-fit:cover\"\/><\/figure>\n<\/div>\n\n\n\n<div class=\"wp-block-uagb-column uagb-column__wrap uagb-column__background-undefined uagb-block-9486ff46\"><div class=\"uagb-column__overlay\"><\/div>\n<p><b>PLANES DE FORMACI\u00d3N HOSTELER\u00cdA 2023<\/b><\/p>\n<p>NUEVOS CONVENIOS DE HOSTELERIA<\/p>\n<p>La publicaci\u00f3n de lo Convenios Colectivos de Hosteler\u00eda de las Provincias de A Coru\u00f1a, Lugo y Ourense, ha supuesto una serie de novedades y obligaciones relacionadas con la formaci\u00f3n de los trabajadores del Sector.<\/p>\n<\/div>\n<\/div><\/section>\n\n\n\n<pre class=\"wp-block-preformatted has-pale-cyan-blue-background-color has-background\">Con la entrada en vigor de los nuevos convenios, se ha incorporado, con la finalidad de conseguir un sector m\u00e1s competitivo y moderno, la obligaci\u00f3n de incorporar en la n\u00f3mina de los trabajadores un complemento compensatoria de formaci\u00f3n de naturaleza salarial.\n<\/pre>\n\n\n\n<pre class=\"wp-block-preformatted has-vivid-green-cyan-background-color has-background\"><strong>\u00bfEXISTE LA POSIBILIDAD DE NO ABONAR DICHO COMPLEMENTO Y OFRECER  UNA FORMACI\u00d3N A TUS EMPLEADOS PARA MEJORAR TU  NEGOCIO?<\/strong>\n<\/pre>\n\n\n\n<section class=\"wp-block-uagb-columns uagb-columns__wrap uagb-columns__background-color uagb-columns__stack-mobile uagb-columns__valign- uagb-columns__gap-10 align uagb-block-83d1792b uagb-columns__columns-2 uagb-columns__max_width-theme\"><div class=\"uagb-columns__overlay\"><\/div><div class=\"uagb-columns__inner-wrap uagb-columns__columns-2\">\n<div class=\"wp-block-uagb-column uagb-column__wrap uagb-column__background-undefined uagb-block-96210ed6\"><div class=\"uagb-column__overlay\"><\/div>\n<ul>\n<li>Acreditar la participaci\u00f3n en una organizaci\u00f3n empresarial , que colabore activamente en el desarrollo formativo de este sector.<\/li>\n<li>Acreditar el desarrollo de planes individuales de formaci\u00f3n continua <b>(DELTA PC)<\/b>.<\/li>\n<li>Acreditar la participaci\u00f3n en planes agrupados de formaci\u00f3n permanente y\/o continua en materia de hosteler\u00eda desarrollados por los sindicatos m\u00e1s representativos del sector.<\/li>\n<\/ul>\n<p>\u00a0<\/p>\n<\/div>\n\n\n\n<div class=\"wp-block-uagb-column uagb-column__wrap uagb-column__background-undefined uagb-block-5073d96a\"><div class=\"uagb-column__overlay\"><\/div>\n<figure class=\"wp-block-image size-large\"><img decoding=\"async\" src=\"https:\/\/recursing-dhawan.212-132-71-197.plesk.page\/wp-content\/uploads\/2023\/09\/waiter-6651713_1280-1024x858.jpg\" alt=\"\" class=\"wp-image-34257\"\/><\/figure>\n<\/div>\n<\/div><\/section>\n\n\n\n<div class=\"wp-block-contact-form-7-contact-form-selector\">[contact-form-7 id=\u00bb34251&#8243; title=\u00bbplandeformacion\u00bb]<\/div>\n","protected":false},"excerpt":{"rendered":"<p>Con la entrada en vigor de los nuevos convenios, se ha incorporado, con la finalidad de conseguir un sector m\u00e1s [&hellip;]<\/p>\n","protected":false},"author":1,"featured_media":0,"parent":0,"menu_order":0,"comment_status":"closed","ping_status":"closed","template":"","meta":{"site-sidebar-layout":"default","site-content-layout":"","ast-site-content-layout":"default","site-content-style":"default","site-sidebar-style":"default","ast-global-header-display":"","ast-banner-title-visibility":"","ast-main-header-display":"","ast-hfb-above-header-display":"","ast-hfb-below-header-display":"","ast-hfb-mobile-header-display":"","site-post-title":"","ast-breadcrumbs-content":"","ast-featured-img":"","footer-sml-layout":"","ast-disable-related-posts":"","theme-transparent-header-meta":"","adv-header-id-meta":"","stick-header-meta":"","header-above-stick-meta":"","header-main-stick-meta":"","header-below-stick-meta":"","astra-migrate-meta-layouts":"default","ast-page-background-enabled":"default","ast-page-background-meta":{"desktop":{"background-color":"var(--ast-global-color-5)","background-image":"","background-repeat":"repeat","background-position":"center center","background-size":"auto","background-attachment":"scroll","background-type":"","background-media":"","overlay-type":"","overlay-color":"","overlay-opacity":"","overlay-gradient":""},"tablet":{"background-color":"","background-image":"","background-repeat":"repeat","background-position":"center center","background-size":"auto","background-attachment":"scroll","background-type":"","background-media":"","overlay-type":"","overlay-color":"","overlay-opacity":"","overlay-gradient":""},"mobile":{"background-color":"","background-image":"","background-repeat":"repeat","background-position":"center center","background-size":"auto","background-attachment":"scroll","background-type":"","background-media":"","overlay-type":"","overlay-color":"","overlay-opacity":"","overlay-gradient":""}},"ast-content-background-meta":{"desktop":{"background-color":"var(--ast-global-color-4)","background-image":"","background-repeat":"repeat","background-position":"center center","background-size":"auto","background-attachment":"scroll","background-type":"","background-media":"","overlay-type":"","overlay-color":"","overlay-opacity":"","overlay-gradient":""},"tablet":{"background-color":"var(--ast-global-color-4)","background-image":"","background-repeat":"repeat","background-position":"center center","background-size":"auto","background-attachment":"scroll","background-type":"","background-media":"","overlay-type":"","overlay-color":"","overlay-opacity":"","overlay-gradient":""},"mobile":{"background-color":"var(--ast-global-color-4)","background-image":"","background-repeat":"repeat","background-position":"center center","background-size":"auto","background-attachment":"scroll","background-type":"","background-media":"","overlay-type":"","overlay-color":"","overlay-opacity":"","overlay-gradient":""}},"footnotes":""},"class_list":["post-34252","page","type-page","status-publish","hentry"],"_links":{"self":[{"href":"https:\/\/recursing-dhawan.212-132-71-197.plesk.page\/index.php\/wp-json\/wp\/v2\/pages\/34252","targetHints":{"allow":["GET"]}}],"collection":[{"href":"https:\/\/recursing-dhawan.212-132-71-197.plesk.page\/index.php\/wp-json\/wp\/v2\/pages"}],"about":[{"href":"https:\/\/recursing-dhawan.212-132-71-197.plesk.page\/index.php\/wp-json\/wp\/v2\/types\/page"}],"author":[{"embeddable":true,"href":"https:\/\/recursing-dhawan.212-132-71-197.plesk.page\/index.php\/wp-json\/wp\/v2\/users\/1"}],"replies":[{"embeddable":true,"href":"https:\/\/recursing-dhawan.212-132-71-197.plesk.page\/index.php\/wp-json\/wp\/v2\/comments?post=34252"}],"version-history":[{"count":0,"href":"https:\/\/recursing-dhawan.212-132-71-197.plesk.page\/index.php\/wp-json\/wp\/v2\/pages\/34252\/revisions"}],"wp:attachment":[{"href":"https:\/\/recursing-dhawan.212-132-71-197.plesk.page\/index.php\/wp-json\/wp\/v2\/media?parent=34252"}],"curies":[{"name":"wp","href":"https:\/\/api.w.org\/{rel}","templated":true}]}}