{"id":435,"date":"2016-03-18T19:15:46","date_gmt":"2016-03-18T19:15:46","guid":{"rendered":"http:\/\/localhost\/pruebasMery\/cursos\/docencia-pedagogia-2\/"},"modified":"2016-03-18T19:15:46","modified_gmt":"2016-03-18T19:15:46","slug":"docencia-pedagogia","status":"publish","type":"page","link":"https:\/\/recursing-dhawan.212-132-71-197.plesk.page\/index.php\/cursos-por-categorias\/docencia-pedagogia\/","title":{"rendered":"DOCENCIA &#8211; PEDAGOG\u00cdA"},"content":{"rendered":"<p><!---Accesibilidad de la informaci\u00f3n y la comunicaci\u00f3n. La diversidad de personas usuarias - contenido online\n-Acci\u00f3n tutorial y mejora en la participaci\u00f3n de las familias - contenidos online\n-Adaptaciones curriculares para el alumnado con altas capacidades desde la tutor\u00eda - contenido online\n-Alimentaci\u00f3n en las etapas de la vida - contenido online\n-Alimentaci\u00f3n en salud y enfermedad- contenido online\n-Alimentaci\u00f3n en situaciones especiales - contenido online\n-Alimentaci\u00f3n equilibrada y sus efectos en la salud de la poblaci\u00f3n - contenido online\n-Convivencia y buenas pr\u00e1cticas - contenido online\n-El trabajo en colaboraci\u00f3n, la tutor\u00eda y el equipo docente - contenido online\n-Escuela como contexto educativo y de convivencia - contenido online\n-Estrategias de afrontamiento y gesti\u00f3n de conflictos en la escuela - contenido online\n-Fundamentos, organizaci\u00f3n y planificaci\u00f3n de la acci\u00f3n tutorial orientadora - contenido online\n-Higiene y control de calidad de alimentos (M\u00f3dulo 3) - Contenido online\n-Integrar las TIC en la formaci\u00f3n del docente - contenido online\n-La comunicaci\u00f3n en el contexto de la familia y la escuela - contenido online\n-La Nube en Educaci\u00f3n - contenido online\n-La violencia filio-parental - contenido online\n-Los alimentos: propiedades, conservaci\u00f3n y manipulaci\u00f3n - Contenido online\n-Los entornos personales de aprendizaje (PLE) - contenido online\n-Los entornos virtuales como espacios de ense\u00f1anza y aprendizaje - contenido online\n-Nuevas tendencias en alimentaci\u00f3n y salud - contenido online\n-Nutrici\u00f3n b\u00e1sica - contenido online\n-Relaciones interpersonales en el aula y trabajo cooperativo - contenido online\n-T\u00e9cnicas espec\u00edficas de evaluaci\u00f3n y diagn\u00f3stico de la acci\u00f3n tutorial - contenido online\n-Tutor-formador para certificados de profesionalidad en teleformaci\u00f3n - contenido online\n-Tutor\u00eda y alumnado con trastornos graves de conducta - Contenido online\n-Uso pedag\u00f3gico de las TIC en los diferentes contextos educativos - contenido online\n-Violencia de g\u00e9nero en la adolescencia - contenido online\n-Violencia y victimizaci\u00f3n escolar - contenido online\n-Web 2.0 y Redes Sociales para docentes - contenido online--><\/p>\n<p>[add_posts category=\u00bbDOCENCIA &#8211; PEDAGOG\u00cdA\u00bb show=40]<\/p>\n","protected":false},"excerpt":{"rendered":"<p>[add_posts category=\u00bbDOCENCIA &#8211; PEDAGOG\u00cdA\u00bb show=40]<\/p>\n","protected":false},"author":1,"featured_media":0,"parent":33,"menu_order":0,"comment_status":"closed","ping_status":"closed","template":"","meta":{"site-sidebar-layout":"default","site-content-layout":"","ast-site-content-layout":"default","site-content-style":"default","site-sidebar-style":"default","ast-global-header-display":"","ast-banner-title-visibility":"","ast-main-header-display":"","ast-hfb-above-header-display":"","ast-hfb-below-header-display":"","ast-hfb-mobile-header-display":"","site-post-title":"","ast-breadcrumbs-content":"","ast-featured-img":"","footer-sml-layout":"","ast-disable-related-posts":"","theme-transparent-header-meta":"","adv-header-id-meta":"","stick-header-meta":"","header-above-stick-meta":"","header-main-stick-meta":"","header-below-stick-meta":"","astra-migrate-meta-layouts":"default","ast-page-background-enabled":"default","ast-page-background-meta":{"desktop":{"background-color":"var(--ast-global-color-5)","background-image":"","background-repeat":"repeat","background-position":"center center","background-size":"auto","background-attachment":"scroll","background-type":"","background-media":"","overlay-type":"","overlay-color":"","overlay-opacity":"","overlay-gradient":""},"tablet":{"background-color":"","background-image":"","background-repeat":"repeat","background-position":"center center","background-size":"auto","background-attachment":"scroll","background-type":"","background-media":"","overlay-type":"","overlay-color":"","overlay-opacity":"","overlay-gradient":""},"mobile":{"background-color":"","background-image":"","background-repeat":"repeat","background-position":"center center","background-size":"auto","background-attachment":"scroll","background-type":"","background-media":"","overlay-type":"","overlay-color":"","overlay-opacity":"","overlay-gradient":""}},"ast-content-background-meta":{"desktop":{"background-color":"var(--ast-global-color-4)","background-image":"","background-repeat":"repeat","background-position":"center center","background-size":"auto","background-attachment":"scroll","background-type":"","background-media":"","overlay-type":"","overlay-color":"","overlay-opacity":"","overlay-gradient":""},"tablet":{"background-color":"var(--ast-global-color-4)","background-image":"","background-repeat":"repeat","background-position":"center center","background-size":"auto","background-attachment":"scroll","background-type":"","background-media":"","overlay-type":"","overlay-color":"","overlay-opacity":"","overlay-gradient":""},"mobile":{"background-color":"var(--ast-global-color-4)","background-image":"","background-repeat":"repeat","background-position":"center center","background-size":"auto","background-attachment":"scroll","background-type":"","background-media":"","overlay-type":"","overlay-color":"","overlay-opacity":"","overlay-gradient":""}},"footnotes":""},"class_list":["post-435","page","type-page","status-publish","hentry"],"_links":{"self":[{"href":"https:\/\/recursing-dhawan.212-132-71-197.plesk.page\/index.php\/wp-json\/wp\/v2\/pages\/435","targetHints":{"allow":["GET"]}}],"collection":[{"href":"https:\/\/recursing-dhawan.212-132-71-197.plesk.page\/index.php\/wp-json\/wp\/v2\/pages"}],"about":[{"href":"https:\/\/recursing-dhawan.212-132-71-197.plesk.page\/index.php\/wp-json\/wp\/v2\/types\/page"}],"author":[{"embeddable":true,"href":"https:\/\/recursing-dhawan.212-132-71-197.plesk.page\/index.php\/wp-json\/wp\/v2\/users\/1"}],"replies":[{"embeddable":true,"href":"https:\/\/recursing-dhawan.212-132-71-197.plesk.page\/index.php\/wp-json\/wp\/v2\/comments?post=435"}],"version-history":[{"count":0,"href":"https:\/\/recursing-dhawan.212-132-71-197.plesk.page\/index.php\/wp-json\/wp\/v2\/pages\/435\/revisions"}],"up":[{"embeddable":true,"href":"https:\/\/recursing-dhawan.212-132-71-197.plesk.page\/index.php\/wp-json\/wp\/v2\/pages\/33"}],"wp:attachment":[{"href":"https:\/\/recursing-dhawan.212-132-71-197.plesk.page\/index.php\/wp-json\/wp\/v2\/media?parent=435"}],"curies":[{"name":"wp","href":"https:\/\/api.w.org\/{rel}","templated":true}]}}